{"id":4350,"date":"2018-08-07T09:52:33","date_gmt":"2018-08-07T07:52:33","guid":{"rendered":"https:\/\/www.pinarto.com\/kontakt\/"},"modified":"2020-07-30T19:27:58","modified_gmt":"2020-07-30T17:27:58","slug":"kontakt","status":"publish","type":"page","link":"https:\/\/www.pinarto.com\/sk\/kontakt\/","title":{"rendered":"KONTAKT"},"content":{"rendered":"<div class=\"wpb-content-wrapper\"><p>[vc_row full_width=&#8221;stretch_row_content_no_spaces&#8221;][vc_column][vc_row_inner][vc_column_inner]                        <div class=\" \">\n                <div class=\"gmaps-shortcode-wrap show_map \">\n    <div class=\"frame-map-show\">\n        <div id=\"haru-gmaps-69f9953630325\" class=\"haru-map\" \n        data-api=\"AIzaSyD0g9v_ihkP17jJppMq3RvfD65shuPDyeU\" \n        data-layout_type=\"show_map\" \n        data-light_map=\"[{&quot;featureType&quot;:&quot;all&quot;,&quot;elementType&quot;:&quot;geometry&quot;,&quot;stylers&quot;:[{&quot;color&quot;:&quot;#282727&quot;}]},{&quot;featureType&quot;:&quot;all&quot;,&quot;elementType&quot;:&quot;labels.text.fill&quot;,&quot;stylers&quot;:[{&quot;saturation&quot;:36},{&quot;color&quot;:&quot;#000000&quot;},{&quot;lightness&quot;:40}]},{&quot;featureType&quot;:&quot;all&quot;,&quot;elementType&quot;:&quot;labels.text.stroke&quot;,&quot;stylers&quot;:[{&quot;visibility&quot;:&quot;on&quot;},{&quot;color&quot;:&quot;#000000&quot;},{&quot;lightness&quot;:16}]},{&quot;featureType&quot;:&quot;all&quot;,&quot;elementType&quot;:&quot;labels.icon&quot;,&quot;stylers&quot;:[{&quot;visibility&quot;:&quot;off&quot;}]},{&quot;featureType&quot;:&quot;administrative&quot;,&quot;elementType&quot;:&quot;geometry.fill&quot;,&quot;stylers&quot;:[{&quot;color&quot;:&quot;#000000&quot;},{&quot;lightness&quot;:20}]},{&quot;featureType&quot;:&quot;administrative&quot;,&quot;elementType&quot;:&quot;geometry.stroke&quot;,&quot;stylers&quot;:[{&quot;color&quot;:&quot;#000000&quot;},{&quot;lightness&quot;:17},{&quot;weight&quot;:1.2}]},{&quot;featureType&quot;:&quot;landscape&quot;,&quot;elementType&quot;:&quot;geometry&quot;,&quot;stylers&quot;:[{&quot;color&quot;:&quot;#000000&quot;},{&quot;lightness&quot;:20}]},{&quot;featureType&quot;:&quot;poi&quot;,&quot;elementType&quot;:&quot;geometry&quot;,&quot;stylers&quot;:[{&quot;color&quot;:&quot;#000000&quot;},{&quot;lightness&quot;:21}]},{&quot;featureType&quot;:&quot;road.highway&quot;,&quot;elementType&quot;:&quot;geometry.fill&quot;,&quot;stylers&quot;:[{&quot;color&quot;:&quot;#000000&quot;},{&quot;lightness&quot;:17}]},{&quot;featureType&quot;:&quot;road.highway&quot;,&quot;elementType&quot;:&quot;geometry.stroke&quot;,&quot;stylers&quot;:[{&quot;color&quot;:&quot;#000000&quot;},{&quot;lightness&quot;:29},{&quot;weight&quot;:0.2}]},{&quot;featureType&quot;:&quot;road.arterial&quot;,&quot;elementType&quot;:&quot;geometry&quot;,&quot;stylers&quot;:[{&quot;color&quot;:&quot;#000000&quot;},{&quot;lightness&quot;:18}]},{&quot;featureType&quot;:&quot;road.local&quot;,&quot;elementType&quot;:&quot;geometry&quot;,&quot;stylers&quot;:[{&quot;color&quot;:&quot;#000000&quot;},{&quot;lightness&quot;:16}]},{&quot;featureType&quot;:&quot;transit&quot;,&quot;elementType&quot;:&quot;geometry&quot;,&quot;stylers&quot;:[{&quot;color&quot;:&quot;#000000&quot;},{&quot;lightness&quot;:19}]},{&quot;featureType&quot;:&quot;water&quot;,&quot;elementType&quot;:&quot;geometry&quot;,&quot;stylers&quot;:[{&quot;color&quot;:&quot;#000000&quot;},{&quot;lightness&quot;:17}]}]\" \n        data-info_title=\"\" \n        data-info_image=\"\" \n        data-lat=\"49.2019628\" \n        data-lng=\"16.6268727\" \n        data-zoom=\"14\" \n        data-image=\"https:\/\/www.pinarto.com\/wp-content\/uploads\/2018\/08\/map-maker-2.png\"\n        data-height=\"620px\"\n        style=\"height: 620px\">\n            \n        <\/div>\n    <\/div>\n<\/div>\n<script type=\"text\/javascript\">\n    jQuery(document).ready(function($){\n        $('.gmaps-shortcode-wrap .frame-map-show .haru-map').each(function (index, Element) {\n            var map;\n            var mapid       = $(this).attr('id');\n            var api_key     = $(this).data('api');\n            var layout_type = $(this).data('layout_type');\n            var light_map   = $(this).data('light_map');\n            var info_title  = $(this).data('info_title');\n            var info_image  = $(this).data('info_image');\n            var lat         = $(this).data('lat');\n            var lng         = $(this).data('lng');\n            var zoom        = $(this).data('zoom');\n            var imageurl    = $(this).data('image');\n            var height      = $(this).data('height');\n\n            var $this = $(this);\n\n            var latlng = new google.maps.LatLng(lat,lng);\n            map = new google.maps.Map(document.getElementById(mapid), {\n                center: latlng,\n                mapTypeId: google.maps.MapTypeId.ROADMAP,\n                zoom: zoom,\n                scrollwheel: false,\n                styles: light_map\n            });\n\n            \/\/ Map marker\n            var marker = new google.maps.Marker({\n                position: latlng,\n                map: map,\n                \/\/ animation:google.maps.Animation.DROP,\n                icon: imageurl\n            });\n\n            \/\/ Infor Window\n            var info_window =   '<div class=\"map-info\">'+\n                                    '<div class=\"info-image\">'+\n                                        '<img decoding=\"async\" src=\"'+ info_image +'\" alt=\"\">'+\n                                    '<\/div>'+\n                                    '<div class=\"info-address\">'+\n                                        '<p>'+\n                                            info_title +\n                                        '<\/p>'+\n                                    '<\/div>'+\n                                '<\/div>';\n\n            var infowindow = new google.maps.InfoWindow({\n                content: info_window\n            });\n\n            \/\/ Set center infowindow and First load height of map\n            if ( $(window).width() > 767 ) {\n                setTimeout(function() {\n                    google.maps.event.trigger(marker, 'click')\n                }, 2000);\n            } else {\n                $this.height('500px');\n            }\n            \n            if ( info_window != '') {\n                infowindow.open(map, marker);\n                marker.addListener('click', function() {\n                    infowindow.open(map, marker);\n                    map.setCenter(marker.getPosition()); \/\/ Set center infowindow\n                });\n            }\n\n            \/\/ Responsive\n            google.maps.event.addDomListener(window, 'resize', function() {\n                var center = map.getCenter();\n                google.maps.event.trigger(map, \"resize\");\n                if ( $(window).width() < 767 ) {\n                    $this.height('500px');\n                    map.setCenter(center); \n                } else {\n                    $this.height(height);\n                    map.setCenter(center); \n                }\n            });\n        });\n    });\n<\/script>            <\/div>\n                    [\/vc_column_inner][\/vc_row_inner][\/vc_column][\/vc_row][vc_row css=&#8221;.vc_custom_1533713574279{padding-top: 6% !important;padding-bottom: 10% !important;}&#8221;][vc_column][vc_row_inner][vc_column_inner el_class=&#8221;contact-us-2&#8243; width=&#8221;1\/2&#8243;][vc_custom_heading heading_style=&#8221;heading_style_13&#8243; text=&#8221;Kontaktn\u00e9 inform\u00e1cie&#8221; font_container=&#8221;tag:h3|text_align:left&#8221; use_theme_fonts=&#8221;yes&#8221; el_class=&#8221;fw-700 fs-34&#8243; css=&#8221;.vc_custom_1595684111803{padding-bottom: 5% !important;}&#8221;][vc_empty_space]                        <div class=\"  \">\n                <div class=\"footer-contact-shortcode-wrap style_2 \">\n    <div class=\"footer-contact-content\">\n        <ul class=\"contact-information\">\n                                <li>\n                        <span class=\"contact-icon fas fa-map-marker-alt\"><\/span>\n                        <span class=\"contact-label\">Adresa<\/span>\n                        <span class=\"contact-description\">Z\u00e1brdovick\u00e1 2 (4. patro), Brno \u2013 \u017didenice<\/span>\n                    <\/li>\n                                <li>\n                        <span class=\"contact-icon fas fa-phone\"><\/span>\n                        <span class=\"contact-label\">Telefon<\/span>\n                        <span class=\"contact-description\">Pavol Bigo\u0161 <a href=\"tel:+420608348109\">+420 608 348 109<\/a><\/span>\n                    <\/li>\n                                <li>\n                        <span class=\"contact-icon fas fa-envelope\"><\/span>\n                        <span class=\"contact-label\">Email<\/span>\n                        <span class=\"contact-description\">info@pinarto.com<\/span>\n                    <\/li>\n                    <\/ul>\n    <\/div>\n<\/div>            <\/div>\n                    [vc_empty_space][vc_custom_heading heading_style=&#8221;heading_style_13&#8243; text=&#8221;Faktur\u00e1cia&#8221; font_container=&#8221;tag:h3|text_align:left&#8221; use_theme_fonts=&#8221;yes&#8221; el_class=&#8221;fw-700 fs-34&#8243; css=&#8221;.vc_custom_1595684091993{padding-bottom: 5% !important;}&#8221;][vc_empty_space]                        <div class=\"  \">\n                <div class=\"footer-contact-shortcode-wrap style_2 \">\n    <div class=\"footer-contact-content\">\n        <ul class=\"contact-information\">\n                                <li>\n                        <span class=\"contact-icon fas fa-signature\"><\/span>\n                        <span class=\"contact-label\">Pinarto s.r.o.<\/span>\n                        <span class=\"contact-description\">Mezi Cestami 931, 664 01 B\u00edlovice nad Svitavou<\/span>\n                    <\/li>\n                                <li>\n                        <span class=\"contact-icon fas fa-file-alt\"><\/span>\n                        <span class=\"contact-label\">I\u010c \/ DI\u010c<\/span>\n                        <span class=\"contact-description\">292 96 293 \/ CZ 292 96 293<br \/>\nSpisov\u00e1 zna\u010dka:<br \/>\nC 71939 veden\u00e1 u Krajsk\u00e9ho soudu v Brn\u011b<\/span>\n                    <\/li>\n                    <\/ul>\n    <\/div>\n<\/div>            <\/div>\n                    [\/vc_column_inner][vc_column_inner width=&#8221;1\/12&#8243;][\/vc_column_inner][vc_column_inner width=&#8221;5\/12&#8243;][vc_custom_heading heading_style=&#8221;heading_style_13&#8243; text=&#8221;Nap\u00ed\u0161te n\u00e1m&#8221; use_theme_fonts=&#8221;yes&#8221; el_class=&#8221;fw-700 fs-34&#8243; css=&#8221;.vc_custom_1595684103007{padding-bottom: 5% !important;}&#8221;][vc_empty_space]\n<div class=\"wpcf7 no-js\" id=\"wpcf7-f5492-o1\" lang=\"sk-SK\" dir=\"ltr\" data-wpcf7-id=\"5492\">\n<div class=\"screen-reader-response\"><p role=\"status\" aria-live=\"polite\" aria-atomic=\"true\"><\/p> <ul><\/ul><\/div>\n<form action=\"\/sk\/wp-json\/wp\/v2\/pages\/4350#wpcf7-f5492-o1\" method=\"post\" class=\"wpcf7-form init\" aria-label=\"Kontaktn\u00fd formul\u00e1r\" novalidate=\"novalidate\" data-status=\"init\">\n<fieldset class=\"hidden-fields-container\"><input type=\"hidden\" name=\"_wpcf7\" value=\"5492\" \/><input type=\"hidden\" name=\"_wpcf7_version\" value=\"6.1.4\" \/><input type=\"hidden\" name=\"_wpcf7_locale\" value=\"sk_SK\" \/><input type=\"hidden\" name=\"_wpcf7_unit_tag\" value=\"wpcf7-f5492-o1\" \/><input type=\"hidden\" name=\"_wpcf7_container_post\" value=\"0\" \/><input type=\"hidden\" name=\"_wpcf7_posted_data_hash\" value=\"\" \/><input type=\"hidden\" name=\"_wpcf7_recaptcha_response\" value=\"\" \/>\n<\/fieldset>\n<div class=\"contact-form\">\n<div class=\"contact-name\">\n<div><span class=\"wpcf7-form-control-wrap\" data-name=\"your-name\"><input size=\"40\" maxlength=\"400\" class=\"wpcf7-form-control wpcf7-text wpcf7-validates-as-required\" aria-required=\"true\" aria-invalid=\"false\" placeholder=\"Va\u0161e meno *\" value=\"\" type=\"text\" name=\"your-name\" \/><\/span><\/div>\n<\/div>\n<div class=\"contact-email\">\n<div><span class=\"wpcf7-form-control-wrap\" data-name=\"your-email\"><input size=\"40\" maxlength=\"400\" class=\"wpcf7-form-control wpcf7-email wpcf7-validates-as-required wpcf7-text wpcf7-validates-as-email\" aria-required=\"true\" aria-invalid=\"false\" placeholder=\"V\u00e1\u0161 email *\" value=\"\" type=\"email\" name=\"your-email\" \/><\/span><\/div>\n<\/div>\n<div class=\"contact-subject\">\n<div><span class=\"wpcf7-form-control-wrap\" data-name=\"your-subject\"><input size=\"40\" maxlength=\"400\" class=\"wpcf7-form-control wpcf7-text\" aria-invalid=\"false\" placeholder=\"Predmet\" value=\"\" type=\"text\" name=\"your-subject\" \/><\/span><\/div>\n<\/div>\n<div class=\"contact-message\">\n<div><span class=\"wpcf7-form-control-wrap\" data-name=\"your-message\"><textarea cols=\"40\" rows=\"5\" maxlength=\"2000\" class=\"wpcf7-form-control wpcf7-textarea\" aria-invalid=\"false\" placeholder=\"Va\u0161a spr\u00e1va ...\" name=\"your-message\"><\/textarea><\/span><\/div>\n<\/div>\n<div class=\"contact-submit\">\n<input class=\"wpcf7-form-control wpcf7-submit has-spinner\" type=\"submit\" value=\"Odosla\u0165\" \/>\n<\/div>\n<\/div><div class=\"wpcf7-response-output\" aria-hidden=\"true\"><\/div>\n<\/form>\n<\/div>\n[\/vc_column_inner][\/vc_row_inner][\/vc_column][\/vc_row][vc_row full_width=&#8221;stretch_row&#8221; css=&#8221;.vc_custom_1533714072840{padding-top: 1% !important;padding-bottom: 5% !important;background-color: #f8f8f8 !important;}&#8221;][vc_column][vc_row_inner][vc_column_inner][vc_custom_heading heading_style=&#8221;heading_style_6&#8243; text=&#8221;&#8221; font_container=&#8221;tag:h2|text_align:center&#8221; use_theme_fonts=&#8221;yes&#8221; hightlight_heading=&#8221;na spolupr\u00e1cu&#8221; el_class=&#8221;fw-400&#8243; pre_heading=&#8221;Te\u0161\u00edme sa&#8221;][\/vc_column_inner][\/vc_row_inner][\/vc_column][\/vc_row]<\/p>\n<\/div>","protected":false},"excerpt":{"rendered":"<p>[vc_row full_width=&#8221;stretch_row_content_no_spaces&#8221;][vc_column][vc_row_inner][vc_column_inner][\/vc_column_inner][\/vc_row_inner][\/vc_column][\/vc_row][vc_row css=&#8221;.vc_custom_1533713574279{padding-top: 6% !important;padding-bottom: 10% !important;}&#8221;][vc_column][vc_row_inner][vc_column_inner el_class=&#8221;contact-us-2&#8243; width=&#8221;1\/2&#8243;][vc_custom_heading heading_style=&#8221;heading_style_13&#8243; text=&#8221;Kontaktn\u00e9 inform\u00e1cie&#8221; font_container=&#8221;tag:h3|text_align:left&#8221; use_theme_fonts=&#8221;yes&#8221; el_class=&#8221;fw-700 fs-34&#8243; css=&#8221;.vc_custom_1595684111803{padding-bottom: 5% !important;}&#8221;][vc_empty_space][vc_empty_space][vc_custom_heading heading_style=&#8221;heading_style_13&#8243; text=&#8221;Faktur\u00e1cia&#8221; font_container=&#8221;tag:h3|text_align:left&#8221; use_theme_fonts=&#8221;yes&#8221; el_class=&#8221;fw-700 fs-34&#8243; css=&#8221;.vc_custom_1595684091993{padding-bottom: 5% !important;}&#8221;][vc_empty_space][\/vc_column_inner][vc_column_inner width=&#8221;1\/12&#8243;][\/vc_column_inner][vc_column_inner width=&#8221;5\/12&#8243;][vc_custom_heading heading_style=&#8221;heading_style_13&#8243; text=&#8221;Nap\u00ed\u0161te n\u00e1m&#8221; use_theme_fonts=&#8221;yes&#8221; el_class=&#8221;fw-700 fs-34&#8243; css=&#8221;.vc_custom_1595684103007{padding-bottom: 5% !important;}&#8221;][vc_empty_space][\/vc_column_inner][\/vc_row_inner][\/vc_column][\/vc_row][vc_row full_width=&#8221;stretch_row&#8221; css=&#8221;.vc_custom_1533714072840{padding-top: 1% !important;padding-bottom: 5% !important;background-color: #f8f8f8 !important;}&#8221;][vc_column][vc_row_inner][vc_column_inner][vc_custom_heading heading_style=&#8221;heading_style_6&#8243; text=&#8221;&#8221; font_container=&#8221;tag:h2|text_align:center&#8221; use_theme_fonts=&#8221;yes&#8221; hightlight_heading=&#8221;na spolupr\u00e1cu&#8221; el_class=&#8221;fw-400&#8243; pre_heading=&#8221;Te\u0161\u00edme [&hellip;]<\/p>\n","protected":false},"author":1,"featured_media":0,"parent":0,"menu_order":25,"comment_status":"closed","ping_status":"closed","template":"","meta":{"footnotes":""},"class_list":["post-4350","page","type-page","status-publish","hentry","clearfix"],"_links":{"self":[{"href":"https:\/\/www.pinarto.com\/sk\/wp-json\/wp\/v2\/pages\/4350","targetHints":{"allow":["GET"]}}],"collection":[{"href":"https:\/\/www.pinarto.com\/sk\/wp-json\/wp\/v2\/pages"}],"about":[{"href":"https:\/\/www.pinarto.com\/sk\/wp-json\/wp\/v2\/types\/page"}],"author":[{"embeddable":true,"href":"https:\/\/www.pinarto.com\/sk\/wp-json\/wp\/v2\/users\/1"}],"replies":[{"embeddable":true,"href":"https:\/\/www.pinarto.com\/sk\/wp-json\/wp\/v2\/comments?post=4350"}],"version-history":[{"count":0,"href":"https:\/\/www.pinarto.com\/sk\/wp-json\/wp\/v2\/pages\/4350\/revisions"}],"wp:attachment":[{"href":"https:\/\/www.pinarto.com\/sk\/wp-json\/wp\/v2\/media?parent=4350"}],"curies":[{"name":"wp","href":"https:\/\/api.w.org\/{rel}","templated":true}]}}