{"id":4333,"date":"2020-04-15T17:08:13","date_gmt":"2020-04-15T15:08:13","guid":{"rendered":"https:\/\/www.pinarto.com\/reference\/"},"modified":"2020-07-27T23:33:53","modified_gmt":"2020-07-27T21:33:53","slug":"reference","status":"publish","type":"page","link":"https:\/\/www.pinarto.com\/sk\/reference\/","title":{"rendered":"REFERENCIE"},"content":{"rendered":"<div class=\"wpb-content-wrapper\"><p>[vc_row full_width=&#8221;stretch_row&#8221; css=&#8221;.vc_custom_1582732678366{padding-top: 5% !important;background-color: #121212 !important;}&#8221; el_class=&#8221;overflow-visible&#8221;][vc_column][vc_row_inner css=&#8221;.vc_custom_1528794271266{padding-right: 10% !important;padding-left: 10% !important;}&#8221;][vc_column_inner width=&#8221;1\/12&#8243;][\/vc_column_inner][vc_column_inner width=&#8221;5\/6&#8243;][vc_custom_heading heading_style=&#8221;heading_style_2&#8243; text=&#8221;\u010cO HOVORIA &#8230;&#8221; font_container=&#8221;tag:h3|text_align:center&#8221; use_theme_fonts=&#8221;yes&#8221;][vc_custom_heading heading_style=&#8221;heading_style_6&#8243; text=&#8221;klienti&#8221; font_container=&#8221;tag:h4|text_align:center|color:%23ffffff&#8221; use_theme_fonts=&#8221;yes&#8221; hightlight_heading=&#8221;&#8230; na\u0161i&#8221; css=&#8221;.vc_custom_1595885603122{padding-top: 1% !important;padding-bottom: 5% !important;}&#8221;][\/vc_column_inner][vc_column_inner width=&#8221;1\/12&#8243;][\/vc_column_inner][\/vc_row_inner][\/vc_column][\/vc_row][vc_row full_width=&#8221;stretch_row&#8221; css=&#8221;.vc_custom_1586961027405{padding-top: 3% !important;padding-bottom: 1% !important;background-color: #121212 !important;}&#8221; el_class=&#8221;overflow-visible&#8221;][vc_column][vc_row_inner][vc_column_inner width=&#8221;1\/12&#8243;][\/vc_column_inner][vc_column_inner width=&#8221;5\/6&#8243;][vc_column_text css=&#8221;.vc_custom_1595681989068{padding-right: 3% !important;padding-left: 3% !important;}&#8221; el_class=&#8221;white-300-17&#8243;]<\/p>\n<p style=\"text-align: center;\">Vieme, \u017ee referencie s\u00fa d\u00f4le\u017eit\u00fdm faktorom pre va\u0161e rozhodovanie. Pre koho sme nat\u00e1\u010dali a \u010do na v\u00fdsledok hovoria? Pozrite sa, ako hodnotia spolupr\u00e1cu \u013eudia a firmy, pre ktor\u00e9 sme robili video.<\/p>\n<p>[\/vc_column_text][\/vc_column_inner][vc_column_inner width=&#8221;1\/12&#8243;][\/vc_column_inner][\/vc_row_inner][\/vc_column][\/vc_row][vc_row full_width=&#8221;stretch_row&#8221; css=&#8221;.vc_custom_1586961258928{padding-top: 2% !important;padding-bottom: 5% !important;background-color: #121212 !important;}&#8221;][vc_column][vc_row_inner][vc_column_inner]                        <div class=\" \">\n                <div class=\"clients-shortcode-wrap carousel \">\n    <div class=\"haru-carousel clients-list owl-carousel owl-theme\"\n        data-items=\"6\"\n        data-items-tablet=\"3\"\n        data-items-mobile=\"2\"\n        data-margin=\"20\"\n        data-autoplay=\"false\"\n        data-slide-duration=\"6000\"\n        data-loop=\"false\"\n    >\n                                    <div class=\"item-carousel\">\n                            \t<div class=\"client-item style_1\">\n                                                    <img decoding=\"async\" src=\"https:\/\/www.pinarto.com\/wp-content\/uploads\/2020\/04\/moet.png\" alt=\"Moet\">\n                                            <\/div>\n                                                \t<div class=\"client-item style_1\">\n                                                    <img decoding=\"async\" src=\"https:\/\/www.pinarto.com\/wp-content\/uploads\/2020\/04\/ppg.png\" alt=\"PPG\">\n                                            <\/div>\n                            <\/div>\n                                                <div class=\"item-carousel\">\n                            \t<div class=\"client-item style_1\">\n                                                    <img decoding=\"async\" src=\"https:\/\/www.pinarto.com\/wp-content\/uploads\/2020\/04\/vut-brno.png\" alt=\"VUT\">\n                                            <\/div>\n                                                \t<div class=\"client-item style_1\">\n                                                    <img decoding=\"async\" src=\"https:\/\/www.pinarto.com\/wp-content\/uploads\/2020\/05\/logo-9-1.png\" alt=\"Vogue\">\n                                            <\/div>\n                            <\/div>\n                                                <div class=\"item-carousel\">\n                            \t<div class=\"client-item style_1\">\n                                                    <img decoding=\"async\" src=\"https:\/\/www.pinarto.com\/wp-content\/uploads\/2020\/04\/likos.png\" alt=\"Likos\">\n                                            <\/div>\n                                                \t<div class=\"client-item style_1\">\n                                                    <img decoding=\"async\" src=\"https:\/\/www.pinarto.com\/wp-content\/uploads\/2020\/04\/motoroloa.png\" alt=\"Motorola\">\n                                            <\/div>\n                            <\/div>\n                                                <div class=\"item-carousel\">\n                            \t<div class=\"client-item style_1\">\n                                                    <img decoding=\"async\" src=\"https:\/\/www.pinarto.com\/wp-content\/uploads\/2020\/04\/vinarstvi-mutenice.png\" alt=\"Mutenice\">\n                                            <\/div>\n                                                \t<div class=\"client-item style_1\">\n                                                    <img decoding=\"async\" src=\"https:\/\/www.pinarto.com\/wp-content\/uploads\/2020\/04\/unis.png\" alt=\"UNIS\">\n                                            <\/div>\n                            <\/div>\n                                                <div class=\"item-carousel\">\n                            \t<div class=\"client-item style_1\">\n                                                    <img decoding=\"async\" src=\"https:\/\/www.pinarto.com\/wp-content\/uploads\/2020\/04\/zalando.png\" alt=\"Zalando\">\n                                            <\/div>\n                                                \t<div class=\"client-item style_1\">\n                                                    <img decoding=\"async\" src=\"https:\/\/www.pinarto.com\/wp-content\/uploads\/2020\/04\/sanomed.png\" alt=\"Sanomed\">\n                                            <\/div>\n                            <\/div>\n                                                <div class=\"item-carousel\">\n                            \t<div class=\"client-item style_1\">\n                                                    <img decoding=\"async\" src=\"https:\/\/www.pinarto.com\/wp-content\/uploads\/2020\/04\/rspb.png\" alt=\"RSBP\">\n                                            <\/div>\n                                                \t<div class=\"client-item style_1\">\n                                                    <img decoding=\"async\" src=\"https:\/\/www.pinarto.com\/wp-content\/uploads\/2020\/04\/zone4you.png\" alt=\"Zone 4 You\">\n                                            <\/div>\n                            <\/div>\n                                                <div class=\"item-carousel\">\n                            \t<div class=\"client-item style_1\">\n                                                    <img decoding=\"async\" src=\"https:\/\/www.pinarto.com\/wp-content\/uploads\/2020\/04\/zebra.png\" alt=\"Zebra\">\n                                            <\/div>\n                                                \t<div class=\"client-item style_1\">\n                                                    <img decoding=\"async\" src=\"https:\/\/www.pinarto.com\/wp-content\/uploads\/2020\/04\/lufthansa.png\" alt=\"Lufthansa\">\n                                            <\/div>\n                            <\/div>\n                                                <div class=\"item-carousel\">\n                            \t<div class=\"client-item style_1\">\n                                                    <img decoding=\"async\" src=\"https:\/\/www.pinarto.com\/wp-content\/uploads\/2020\/04\/kiwi.png\" alt=\"KIWI\">\n                                            <\/div>\n                                                \t<div class=\"client-item style_1\">\n                                                    <img decoding=\"async\" src=\"https:\/\/www.pinarto.com\/wp-content\/uploads\/2020\/04\/infinit.png\" alt=\"Infinit\">\n                                            <\/div>\n                            <\/div>\n                                                <div class=\"item-carousel\">\n                            \t<div class=\"client-item style_1\">\n                                                    <img decoding=\"async\" src=\"https:\/\/www.pinarto.com\/wp-content\/uploads\/2020\/04\/fotolab.png\" alt=\"Fotolab\">\n                                            <\/div>\n                                                \t<div class=\"client-item style_1\">\n                                                    <img decoding=\"async\" src=\"https:\/\/www.pinarto.com\/wp-content\/uploads\/2020\/04\/fei.png\" alt=\"FEI\">\n                                            <\/div>\n                            <\/div>\n                                                <div class=\"item-carousel\">\n                            \t<div class=\"client-item style_1\">\n                                                    <img decoding=\"async\" src=\"https:\/\/www.pinarto.com\/wp-content\/uploads\/2020\/04\/esthederm.png\" alt=\"Esthederm\">\n                                            <\/div>\n                                                \t<div class=\"client-item style_1\">\n                                                    <img decoding=\"async\" src=\"https:\/\/www.pinarto.com\/wp-content\/uploads\/2020\/04\/cewe.png\" alt=\"Cewe\">\n                                            <\/div>\n                            <\/div>\n                                                <div class=\"item-carousel\">\n                            \t<div class=\"client-item style_1\">\n                                                    <img decoding=\"async\" src=\"https:\/\/www.pinarto.com\/wp-content\/uploads\/2020\/04\/bernhard.png\" alt=\"Bernhardt\">\n                                            <\/div>\n                                                \t<div class=\"client-item style_1\">\n                                                    <img decoding=\"async\" src=\"https:\/\/www.pinarto.com\/wp-content\/uploads\/2020\/04\/az-klima.png\" alt=\"AZ klima\">\n                                            <\/div>\n                            <\/div>\n                                                <div class=\"item-carousel\">\n                            \t<div class=\"client-item style_1\">\n                                                    <img decoding=\"async\" src=\"https:\/\/www.pinarto.com\/wp-content\/uploads\/2020\/04\/arcelor.png\" alt=\"Acelor\">\n                                            <\/div>\n                                                \t<div class=\"client-item style_1\">\n                                                    <img decoding=\"async\" src=\"https:\/\/www.pinarto.com\/wp-content\/uploads\/2020\/04\/ami.png\" alt=\"AMI\">\n                                            <\/div>\n                            <\/div>\n                        <\/div>\n<\/div>            <\/div>\n                    [\/vc_column_inner][\/vc_row_inner][\/vc_column][\/vc_row][vc_row full_width=&#8221;stretch_row&#8221; css=&#8221;.vc_custom_1586961258928{padding-top: 2% !important;padding-bottom: 5% !important;background-color: #121212 !important;}&#8221;][vc_column][vc_row_inner][vc_column_inner width=&#8221;1\/2&#8243;]        \n        <div class=\" \">\n                <div class=\"testimonial-shortcode-wrap carousel \">\n        <div class=\"haru-carousel testimonial-list owl-carousel owl-theme\"\n            data-items=\"1\"\n            data-items-tablet=\"1\"\n            data-items-mobile=\"1\"\n            data-margin=\"20\"\n            data-loop=\"true\"\n            data-autoplay=\"false\"\n            data-slide-duration=\"6000\">\n                        <div class=\"testimonial-item\">\n                <div class=\"testimonial-content\">\n                    <div class=\"text-testimonial\">Spolupr\u00e1cu so \u0161t\u00fadiom Pinarto si ve\u013emi v\u00e1\u017eim. Mysl\u00edm, \u017ee nie je pr\u00edli\u0161 t\u00fdch, ktor\u00ed dok\u00e1\u017eu zhmotni\u0165 predstavy do filmovej podoby. Vysoko hodnot\u00edm aj pr\u00e1cu v ter\u00e9ne, to je naozajstn\u00fd koncert.<\/div>\n                    <div class=\"testimonial-image\">\n                                            <\/div>\n                                        <div class=\"testimonial-rating\">\n                                                <span class=\"ion ion-md-star\"><\/span>\n                                                <span class=\"ion ion-md-star\"><\/span>\n                                                <span class=\"ion ion-md-star\"><\/span>\n                                                <span class=\"ion ion-md-star\"><\/span>\n                                                <span class=\"ion ion-md-star\"><\/span>\n                                            <\/div>\n                                        <div class=\"testimonial-author-meta\">\n                        <h3 class=\"testimonial-title\">\u010cD Cargo<\/h3>\n                                                <p class=\"testimonial-position\">\/ Reklamn\u00e9 video<\/p>\n                                            <\/div>\n                <\/div>\n            <\/div>\n                    <\/div>\n    <\/div>\n        <\/div>  \n        \n        [\/vc_column_inner][vc_column_inner width=&#8221;1\/2&#8243;]  \n        \n        <div class=\" \">\n                <div class=\"single-video-shortcode-wrapper style_1 \">\n        <div class=\"video-content\">\n                            <div class=\"video-image\">\n                    <img loading=\"lazy\" decoding=\"async\" width=\"1092\" height=\"582\" src=\"https:\/\/www.pinarto.com\/wp-content\/uploads\/2020\/02\/cd-cargo.jpg\" class=\"attachment-post-thumbnail size-post-thumbnail wp-post-image\" alt=\"\" srcset=\"https:\/\/www.pinarto.com\/wp-content\/uploads\/2020\/02\/cd-cargo.jpg 1092w, https:\/\/www.pinarto.com\/wp-content\/uploads\/2020\/02\/cd-cargo-300x160.jpg 300w, https:\/\/www.pinarto.com\/wp-content\/uploads\/2020\/02\/cd-cargo-1024x546.jpg 1024w, https:\/\/www.pinarto.com\/wp-content\/uploads\/2020\/02\/cd-cargo-768x409.jpg 768w\" sizes=\"auto, (max-width: 1092px) 100vw, 1092px\" \/>                                        <div class=\"video-icon\">\n                        <a href=\"javascript:;\" class=\"view-video-button\" data-id=\"5514\" data-player=\"none\" data-server=\"vimeo\"><\/a>\n                    <\/div>\n                                        <div class=\"video-meta\">\n                        <h5 class=\"video-title\"><a href=\"https:\/\/www.pinarto.com\/sk\/video\/cd-cargo\/\">\u010cD Cargo<\/a><\/h5>\n                        <p class=\"video-excerpt\">\n                                                    <\/p>\n                    <\/div>\n                <\/div>\n                    <\/div>\n    <\/div>\n        <\/div>\n        \n        [\/vc_column_inner][\/vc_row_inner][vc_row_inner css=&#8221;.vc_custom_1586962769530{padding-top: 5% !important;padding-bottom: 5% !important;}&#8221;][vc_column_inner width=&#8221;1\/2&#8243;]  \n        \n        <div class=\" \">\n                <div class=\"single-video-shortcode-wrapper style_1 \">\n        <div class=\"video-content\">\n                            <div class=\"video-image\">\n                    <img loading=\"lazy\" decoding=\"async\" width=\"1092\" height=\"582\" src=\"https:\/\/www.pinarto.com\/wp-content\/uploads\/2020\/04\/smart-i-wall.png\" class=\"attachment-post-thumbnail size-post-thumbnail wp-post-image\" alt=\"\" srcset=\"https:\/\/www.pinarto.com\/wp-content\/uploads\/2020\/04\/smart-i-wall.png 1092w, https:\/\/www.pinarto.com\/wp-content\/uploads\/2020\/04\/smart-i-wall-300x160.png 300w, https:\/\/www.pinarto.com\/wp-content\/uploads\/2020\/04\/smart-i-wall-1024x546.png 1024w, https:\/\/www.pinarto.com\/wp-content\/uploads\/2020\/04\/smart-i-wall-768x409.png 768w\" sizes=\"auto, (max-width: 1092px) 100vw, 1092px\" \/>                                        <div class=\"video-icon\">\n                        <a href=\"javascript:;\" class=\"view-video-button\" data-id=\"5496\" data-player=\"none\" data-server=\"vimeo\"><\/a>\n                    <\/div>\n                                        <div class=\"video-meta\">\n                        <h5 class=\"video-title\"><a href=\"https:\/\/www.pinarto.com\/sk\/video\/smart-i-wall-likos\/\">Smart-i-Wall, Liko-s<\/a><\/h5>\n                        <p class=\"video-excerpt\">\n                                                    <\/p>\n                    <\/div>\n                <\/div>\n                    <\/div>\n    <\/div>\n        <\/div>\n        \n        [\/vc_column_inner][vc_column_inner width=&#8221;1\/2&#8243;]        \n        <div class=\" \">\n                <div class=\"testimonial-shortcode-wrap carousel \">\n        <div class=\"haru-carousel testimonial-list owl-carousel owl-theme\"\n            data-items=\"1\"\n            data-items-tablet=\"1\"\n            data-items-mobile=\"1\"\n            data-margin=\"20\"\n            data-loop=\"true\"\n            data-autoplay=\"false\"\n            data-slide-duration=\"6000\">\n                        <div class=\"testimonial-item\">\n                <div class=\"testimonial-content\">\n                    <div class=\"text-testimonial\">Pinarto je pre n\u00e1s vo\u013ebou \u010d. 1 pre mal\u00e9 aj ve\u013ek\u00e9 projekty. Skvel\u00e1 komunik\u00e1cia, spo\u013eahlivos\u0165 a predov\u0161etk\u00fdm video, ktor\u00e9 dok\u00e1\u017ee odl\u00ed\u0161i\u0165. To je to, \u010do vy\u017eadujeme a od Pinarto aj dost\u00e1vame.<\/div>\n                    <div class=\"testimonial-image\">\n                                            <\/div>\n                                        <div class=\"testimonial-rating\">\n                                                <span class=\"ion ion-md-star\"><\/span>\n                                                <span class=\"ion ion-md-star\"><\/span>\n                                                <span class=\"ion ion-md-star\"><\/span>\n                                                <span class=\"ion ion-md-star\"><\/span>\n                                                <span class=\"ion ion-md-star\"><\/span>\n                                            <\/div>\n                                        <div class=\"testimonial-author-meta\">\n                        <h3 class=\"testimonial-title\">LIKO-S<\/h3>\n                                                <p class=\"testimonial-position\">\/ Reklamn\u00e9 video<\/p>\n                                            <\/div>\n                <\/div>\n            <\/div>\n                    <\/div>\n    <\/div>\n        <\/div>  \n        \n        [\/vc_column_inner][\/vc_row_inner][vc_row_inner][vc_column_inner width=&#8221;1\/2&#8243;]        \n        <div class=\" \">\n                <div class=\"testimonial-shortcode-wrap carousel \">\n        <div class=\"haru-carousel testimonial-list owl-carousel owl-theme\"\n            data-items=\"1\"\n            data-items-tablet=\"1\"\n            data-items-mobile=\"1\"\n            data-margin=\"20\"\n            data-loop=\"true\"\n            data-autoplay=\"false\"\n            data-slide-duration=\"6000\">\n                        <div class=\"testimonial-item\">\n                <div class=\"testimonial-content\">\n                    <div class=\"text-testimonial\">Nakr\u00facala a fotila som s nimi nespo\u010detnekr\u00e1t a to nielen svoje videoklipy. Z v\u00fdsledku mi na tele v\u017edy vybehli zimomriavky. V podstate, kedyko\u013evek mi poslali n\u00e1h\u013ead \"hotov\u00e9ho\" videa, nikdy som nezasiahla do jeho \u00faprav.<\/div>\n                    <div class=\"testimonial-image\">\n                                            <\/div>\n                                        <div class=\"testimonial-rating\">\n                                                <span class=\"ion ion-md-star\"><\/span>\n                                                <span class=\"ion ion-md-star\"><\/span>\n                                                <span class=\"ion ion-md-star\"><\/span>\n                                                <span class=\"ion ion-md-star\"><\/span>\n                                                <span class=\"ion ion-md-star\"><\/span>\n                                            <\/div>\n                                        <div class=\"testimonial-author-meta\">\n                        <h3 class=\"testimonial-title\">Martina Hekerov\u00e1<\/h3>\n                                                <p class=\"testimonial-position\">\/ Hudobn\u00fd klip<\/p>\n                                            <\/div>\n                <\/div>\n            <\/div>\n                    <\/div>\n    <\/div>\n        <\/div>  \n        \n        [\/vc_column_inner][vc_column_inner width=&#8221;1\/2&#8243;]  \n        \n        <div class=\" \">\n                <div class=\"single-video-shortcode-wrapper style_1 \">\n        <div class=\"video-content\">\n                            <div class=\"video-image\">\n                    <img loading=\"lazy\" decoding=\"async\" width=\"1092\" height=\"582\" src=\"https:\/\/www.pinarto.com\/wp-content\/uploads\/2020\/02\/magenne3.png\" class=\"attachment-post-thumbnail size-post-thumbnail wp-post-image\" alt=\"\" srcset=\"https:\/\/www.pinarto.com\/wp-content\/uploads\/2020\/02\/magenne3.png 1092w, https:\/\/www.pinarto.com\/wp-content\/uploads\/2020\/02\/magenne3-300x160.png 300w, https:\/\/www.pinarto.com\/wp-content\/uploads\/2020\/02\/magenne3-1024x546.png 1024w, https:\/\/www.pinarto.com\/wp-content\/uploads\/2020\/02\/magenne3-768x409.png 768w\" sizes=\"auto, (max-width: 1092px) 100vw, 1092px\" \/>                                        <div class=\"video-icon\">\n                        <a href=\"javascript:;\" class=\"view-video-button\" data-id=\"5499\" data-player=\"none\" data-server=\"vimeo\"><\/a>\n                    <\/div>\n                                        <div class=\"video-meta\">\n                        <h5 class=\"video-title\"><a href=\"https:\/\/www.pinarto.com\/sk\/video\/martina-hekerova-labut\/\">M.Hekerov\u00e1 &#8211; Your Passion<\/a><\/h5>\n                        <p class=\"video-excerpt\">\n                                                    <\/p>\n                    <\/div>\n                <\/div>\n                    <\/div>\n    <\/div>\n        <\/div>\n        \n        [\/vc_column_inner][\/vc_row_inner][vc_empty_space height=&#8221;100px&#8221;][\/vc_column][\/vc_row][vc_row full_width=&#8221;stretch_row&#8221; css=&#8221;.vc_custom_1586963296910{padding-top: 10% !important;padding-bottom: 10% !important;background-image: url(https:\/\/www.pinarto.com\/wp-content\/uploads\/2020\/04\/reference.jpg?id=3989) !important;background-position: center !important;background-repeat: no-repeat !important;background-size: cover !important;}&#8221;][vc_column][vc_row_inner][vc_column_inner][vc_custom_heading heading_style=&#8221;heading_style_6&#8243; text=&#8221;o sebe vedie\u0165&#8221; font_container=&#8221;tag:p|text_align:center|color:%23ffffff&#8221; use_theme_fonts=&#8221;yes&#8221; hightlight_heading=&#8221;Dajte&#8221; el_class=&#8221;fw-400 special&#8221; css=&#8221;.vc_custom_1595885648113{padding-bottom: 4% !important;}&#8221; link=&#8221;url:https%3A%2F%2Fwww.pinarto.com%2Fsk%2Fkontakt%2F|title:Contact%20Us||&#8221;][\/vc_column_inner][\/vc_row_inner][\/vc_column][\/vc_row]<\/p>\n<\/div>","protected":false},"excerpt":{"rendered":"<p>[vc_row full_width=&#8221;stretch_row&#8221; css=&#8221;.vc_custom_1582732678366{padding-top: 5% !important;background-color: #121212 !important;}&#8221; el_class=&#8221;overflow-visible&#8221;][vc_column][vc_row_inner css=&#8221;.vc_custom_1528794271266{padding-right: 10% !important;padding-left: 10% !important;}&#8221;][vc_column_inner width=&#8221;1\/12&#8243;][\/vc_column_inner][vc_column_inner width=&#8221;5\/6&#8243;][vc_custom_heading heading_style=&#8221;heading_style_2&#8243; text=&#8221;\u010cO HOVORIA &#8230;&#8221; font_container=&#8221;tag:h3|text_align:center&#8221; use_theme_fonts=&#8221;yes&#8221;][vc_custom_heading heading_style=&#8221;heading_style_6&#8243; text=&#8221;klienti&#8221; font_container=&#8221;tag:h4|text_align:center|color:%23ffffff&#8221; use_theme_fonts=&#8221;yes&#8221; hightlight_heading=&#8221;&#8230; na\u0161i&#8221; css=&#8221;.vc_custom_1595885603122{padding-top: 1% !important;padding-bottom: 5% !important;}&#8221;][\/vc_column_inner][vc_column_inner width=&#8221;1\/12&#8243;][\/vc_column_inner][\/vc_row_inner][\/vc_column][\/vc_row][vc_row full_width=&#8221;stretch_row&#8221; css=&#8221;.vc_custom_1586961027405{padding-top: 3% !important;padding-bottom: 1% !important;background-color: #121212 !important;}&#8221; el_class=&#8221;overflow-visible&#8221;][vc_column][vc_row_inner][vc_column_inner width=&#8221;1\/12&#8243;][\/vc_column_inner][vc_column_inner width=&#8221;5\/6&#8243;][vc_column_text css=&#8221;.vc_custom_1595681989068{padding-right: 3% !important;padding-left: 3% !important;}&#8221; el_class=&#8221;white-300-17&#8243;] Vieme, \u017ee referencie s\u00fa d\u00f4le\u017eit\u00fdm [&hellip;]<\/p>\n","protected":false},"author":1,"featured_media":0,"parent":0,"menu_order":10,"comment_status":"closed","ping_status":"closed","template":"","meta":{"footnotes":""},"class_list":["post-4333","page","type-page","status-publish","hentry","clearfix"],"_links":{"self":[{"href":"https:\/\/www.pinarto.com\/sk\/wp-json\/wp\/v2\/pages\/4333","targetHints":{"allow":["GET"]}}],"collection":[{"href":"https:\/\/www.pinarto.com\/sk\/wp-json\/wp\/v2\/pages"}],"about":[{"href":"https:\/\/www.pinarto.com\/sk\/wp-json\/wp\/v2\/types\/page"}],"author":[{"embeddable":true,"href":"https:\/\/www.pinarto.com\/sk\/wp-json\/wp\/v2\/users\/1"}],"replies":[{"embeddable":true,"href":"https:\/\/www.pinarto.com\/sk\/wp-json\/wp\/v2\/comments?post=4333"}],"version-history":[{"count":0,"href":"https:\/\/www.pinarto.com\/sk\/wp-json\/wp\/v2\/pages\/4333\/revisions"}],"wp:attachment":[{"href":"https:\/\/www.pinarto.com\/sk\/wp-json\/wp\/v2\/media?parent=4333"}],"curies":[{"name":"wp","href":"https:\/\/api.w.org\/{rel}","templated":true}]}}