{"id":4313,"date":"2020-04-09T23:20:28","date_gmt":"2020-04-09T21:20:28","guid":{"rendered":"https:\/\/www.pinarto.com\/svatebni-video\/"},"modified":"2020-07-25T14:44:40","modified_gmt":"2020-07-25T12:44:40","slug":"svatebni-video","status":"publish","type":"page","link":"https:\/\/www.pinarto.com\/sk\/svatebni-video\/","title":{"rendered":"Svadobn\u00e9 video"},"content":{"rendered":"<div class=\"wpb-content-wrapper\"><p>[vc_row full_width=&#8221;stretch_row&#8221; css=&#8221;.vc_custom_1582829189984{padding-top: 5% !important;background-color: #191919 !important;}&#8221;][vc_column][vc_row_inner css=&#8221;.vc_custom_1533605322115{padding-bottom: 5% !important;}&#8221;][vc_column_inner][vc_custom_heading heading_style=&#8221;heading_style_1&#8243; text=&#8221;\u016eCHOV\u00c1VAJTE SPOMIENKY&#8221; font_container=&#8221;tag:h3|text_align:center&#8221; use_theme_fonts=&#8221;yes&#8221;][vc_custom_heading heading_style=&#8221;heading_style_6&#8243; text=&#8221;&#8221; font_container=&#8221;tag:h3|text_align:center|color:%23ffffff&#8221; use_theme_fonts=&#8221;yes&#8221; pre_heading=&#8221;Svadobn\u00e9 video&#8221; hightlight_heading=&#8221;pre \u010fal\u0161ie gener\u00e1cie&#8221;][\/vc_column_inner][\/vc_row_inner][vc_row_inner][vc_column_inner width=&#8221;1\/6&#8243;][\/vc_column_inner][vc_column_inner width=&#8221;2\/3&#8243;][vc_column_text el_class=&#8221;secondary-font&#8221;]<\/p>\n<p class=\"p1\" style=\"text-align: center; font-size: 18px; color: #d7d7d7;\"><span class=\"s1\">Urobte svoj de\u0148 D nezabudnute\u013en\u00fd (Ako by povedal Barney &#8211; legen, po\u010dkajte si &#8230; d\u00e1rny. &#8220;). Fotky a video zo svadby s\u00fa nie\u010do, k \u010domu sa budete vraca\u0165 v priebehu cel\u00e9ho \u017eivota. A nielen vy, ale aj va\u0161i priatelia, deti, vn\u00fa\u010dat\u00e1 &#8230;<\/span><\/p>\n<p>[\/vc_column_text][\/vc_column_inner][vc_column_inner width=&#8221;1\/6&#8243;][\/vc_column_inner][\/vc_row_inner][\/vc_column][\/vc_row][vc_row full_width=&#8221;stretch_row_content_no_spaces&#8221; css=&#8221;.vc_custom_1582829198103{padding-top: 5% !important;background-color: #191919 !important;}&#8221;][vc_column][vc_row_inner][vc_column_inner]  \n        <div class=\" \">\n                <div class=\"video-shortcode-wrapper grid \">\n        <div class=\"video-content\">\n                       <!--  <ul data-option-key=\"filter\" class=\"video-filter style_1 align_left hide\">\n                <li>\n                    <a class=\"\"\n                        href=\"javascript:;\" \n                        data-option-value=\"*\"\n                    >All<\/a>\n                <\/li>\n                            <\/ul> -->\n                        <ul data-option-key=\"filter\" class=\"video-filter style_1 align_left hide\"><li><a class=\"\" href=\";\" data-option-value=\"*\">All<\/a><\/li><li class=\"hide\"><a href=\"#\" data-option-value=\".firemne-video\" title=\"Firemn\u00e9 video\">Firemn\u00e9 video<\/a><\/li><li class=\"hide\"><a href=\"#\" data-option-value=\".najnovsie\" title=\"Najnov\u0161ie\">Najnov\u0161ie<\/a><\/li><li class=\"hide\"><a href=\"#\" data-option-value=\".referencie\" title=\"Referencie\">Referencie<\/a><\/li><li class=\"hide\"><a href=\"#\" data-option-value=\".reklamne-video\" title=\"Reklamn\u00e9 video\">Reklamn\u00e9 video<\/a><\/li><li class=\"hide\"><a href=\"#\" data-option-value=\".videoklip-sk\" title=\"Videoklip\">Videoklip<\/a><\/li><\/ul>\n            <div class=\"video-list columns-3 style_1\">\n                                    <div class=\"video-item style_1 svatebni-video \" onclick=\"void(0)\">\n    <div class=\"video-image\">\n        <img loading=\"lazy\" decoding=\"async\" width=\"1092\" height=\"582\" src=\"https:\/\/www.pinarto.com\/wp-content\/uploads\/2020\/02\/marketa.jpg\" class=\"attachment-post-thumbnail size-post-thumbnail wp-post-image\" alt=\"\" srcset=\"https:\/\/www.pinarto.com\/wp-content\/uploads\/2020\/02\/marketa.jpg 1092w, https:\/\/www.pinarto.com\/wp-content\/uploads\/2020\/02\/marketa-300x160.jpg 300w, https:\/\/www.pinarto.com\/wp-content\/uploads\/2020\/02\/marketa-1024x546.jpg 1024w, https:\/\/www.pinarto.com\/wp-content\/uploads\/2020\/02\/marketa-768x409.jpg 768w\" sizes=\"auto, (max-width: 1092px) 100vw, 1092px\" \/>                    <div class=\"video-icon\">\n                <a href=\"javascript:;\" class=\"view-video-button\" data-id=\"3593\" data-player=\"none\" data-server=\"vimeo\"><\/a>\n            <\/div>\n                <div class=\"video-meta\">\n            <h3 class=\"video-title\"><a href=\"https:\/\/www.pinarto.com\/sk\/video\/marketa-michal\/\">Mark\u00e9ta &#038; Michal<\/a><\/h3>\n            <div class=\"video-category\">\/ <a href=\"https:\/\/www.pinarto.com\/video-category\/svatebni-video\/\" rel=\"tag\">Svatebn\u00ed<\/a><\/div>\n        <\/div>\n    <\/div>\n<\/div>                                    <div class=\"video-item style_1 svatebni-video \" onclick=\"void(0)\">\n    <div class=\"video-image\">\n        <img loading=\"lazy\" decoding=\"async\" width=\"1092\" height=\"582\" src=\"https:\/\/www.pinarto.com\/wp-content\/uploads\/2020\/04\/svatebni-video-tk.jpg\" class=\"attachment-post-thumbnail size-post-thumbnail wp-post-image\" alt=\"\" srcset=\"https:\/\/www.pinarto.com\/wp-content\/uploads\/2020\/04\/svatebni-video-tk.jpg 1092w, https:\/\/www.pinarto.com\/wp-content\/uploads\/2020\/04\/svatebni-video-tk-300x160.jpg 300w, https:\/\/www.pinarto.com\/wp-content\/uploads\/2020\/04\/svatebni-video-tk-1024x546.jpg 1024w, https:\/\/www.pinarto.com\/wp-content\/uploads\/2020\/04\/svatebni-video-tk-768x409.jpg 768w\" sizes=\"auto, (max-width: 1092px) 100vw, 1092px\" \/>                    <div class=\"video-icon\">\n                <a href=\"javascript:;\" class=\"view-video-button\" data-id=\"3927\" data-player=\"none\" data-server=\"vimeo\"><\/a>\n            <\/div>\n                <div class=\"video-meta\">\n            <h3 class=\"video-title\"><a href=\"https:\/\/www.pinarto.com\/sk\/video\/taire-kyle\/\">Taire &#038; Kyle<\/a><\/h3>\n            <div class=\"video-category\">\/ <a href=\"https:\/\/www.pinarto.com\/video-category\/svatebni-video\/\" rel=\"tag\">Svatebn\u00ed<\/a><\/div>\n        <\/div>\n    <\/div>\n<\/div>                                    <div class=\"video-item style_1 svatebni-video \" onclick=\"void(0)\">\n    <div class=\"video-image\">\n        <img loading=\"lazy\" decoding=\"async\" width=\"1092\" height=\"582\" src=\"https:\/\/www.pinarto.com\/wp-content\/uploads\/2020\/02\/zuzka.jpg\" class=\"attachment-post-thumbnail size-post-thumbnail wp-post-image\" alt=\"\" srcset=\"https:\/\/www.pinarto.com\/wp-content\/uploads\/2020\/02\/zuzka.jpg 1092w, https:\/\/www.pinarto.com\/wp-content\/uploads\/2020\/02\/zuzka-300x160.jpg 300w, https:\/\/www.pinarto.com\/wp-content\/uploads\/2020\/02\/zuzka-1024x546.jpg 1024w, https:\/\/www.pinarto.com\/wp-content\/uploads\/2020\/02\/zuzka-768x409.jpg 768w\" sizes=\"auto, (max-width: 1092px) 100vw, 1092px\" \/>                    <div class=\"video-icon\">\n                <a href=\"javascript:;\" class=\"view-video-button\" data-id=\"3591\" data-player=\"none\" data-server=\"vimeo\"><\/a>\n            <\/div>\n                <div class=\"video-meta\">\n            <h3 class=\"video-title\"><a href=\"https:\/\/www.pinarto.com\/sk\/video\/zuzka-a-lukas\/\">Zuzka &#038; Lukas<\/a><\/h3>\n            <div class=\"video-category\">\/ <a href=\"https:\/\/www.pinarto.com\/video-category\/svatebni-video\/\" rel=\"tag\">Svatebn\u00ed<\/a><\/div>\n        <\/div>\n    <\/div>\n<\/div>                                    <div class=\"video-item style_1 svatebni-video \" onclick=\"void(0)\">\n    <div class=\"video-image\">\n        <img loading=\"lazy\" decoding=\"async\" width=\"1092\" height=\"582\" src=\"https:\/\/www.pinarto.com\/wp-content\/uploads\/2020\/02\/svatebni-01.jpg\" class=\"attachment-post-thumbnail size-post-thumbnail wp-post-image\" alt=\"\" srcset=\"https:\/\/www.pinarto.com\/wp-content\/uploads\/2020\/02\/svatebni-01.jpg 1092w, https:\/\/www.pinarto.com\/wp-content\/uploads\/2020\/02\/svatebni-01-300x160.jpg 300w, https:\/\/www.pinarto.com\/wp-content\/uploads\/2020\/02\/svatebni-01-1024x546.jpg 1024w, https:\/\/www.pinarto.com\/wp-content\/uploads\/2020\/02\/svatebni-01-768x409.jpg 768w\" sizes=\"auto, (max-width: 1092px) 100vw, 1092px\" \/>                    <div class=\"video-icon\">\n                <a href=\"javascript:;\" class=\"view-video-button\" data-id=\"3565\" data-player=\"none\" data-server=\"vimeo\"><\/a>\n            <\/div>\n                <div class=\"video-meta\">\n            <h3 class=\"video-title\"><a href=\"https:\/\/www.pinarto.com\/sk\/video\/patricia-mark\/\">Patricia &#038; Mark<\/a><\/h3>\n            <div class=\"video-category\">\/ <a href=\"https:\/\/www.pinarto.com\/video-category\/svatebni-video\/\" rel=\"tag\">Svatebn\u00ed<\/a><\/div>\n        <\/div>\n    <\/div>\n<\/div>                                    <div class=\"video-item style_1 svatebni-video \" onclick=\"void(0)\">\n    <div class=\"video-image\">\n        <img loading=\"lazy\" decoding=\"async\" width=\"1092\" height=\"582\" src=\"https:\/\/www.pinarto.com\/wp-content\/uploads\/2020\/04\/svatebni-video-sb.jpg\" class=\"attachment-post-thumbnail size-post-thumbnail wp-post-image\" alt=\"\" srcset=\"https:\/\/www.pinarto.com\/wp-content\/uploads\/2020\/04\/svatebni-video-sb.jpg 1092w, https:\/\/www.pinarto.com\/wp-content\/uploads\/2020\/04\/svatebni-video-sb-300x160.jpg 300w, https:\/\/www.pinarto.com\/wp-content\/uploads\/2020\/04\/svatebni-video-sb-1024x546.jpg 1024w, https:\/\/www.pinarto.com\/wp-content\/uploads\/2020\/04\/svatebni-video-sb-768x409.jpg 768w\" sizes=\"auto, (max-width: 1092px) 100vw, 1092px\" \/>                    <div class=\"video-icon\">\n                <a href=\"javascript:;\" class=\"view-video-button\" data-id=\"3925\" data-player=\"none\" data-server=\"vimeo\"><\/a>\n            <\/div>\n                <div class=\"video-meta\">\n            <h3 class=\"video-title\"><a href=\"https:\/\/www.pinarto.com\/sk\/video\/sary-beny\/\">Sary &#038; Beny<\/a><\/h3>\n            <div class=\"video-category\">\/ <a href=\"https:\/\/www.pinarto.com\/video-category\/svatebni-video\/\" rel=\"tag\">Svatebn\u00ed<\/a><\/div>\n        <\/div>\n    <\/div>\n<\/div>                                    <div class=\"video-item style_1 svatebni-video \" onclick=\"void(0)\">\n    <div class=\"video-image\">\n        <img loading=\"lazy\" decoding=\"async\" width=\"1092\" height=\"582\" src=\"https:\/\/www.pinarto.com\/wp-content\/uploads\/2020\/04\/svatebni-video-mp.jpg\" class=\"attachment-post-thumbnail size-post-thumbnail wp-post-image\" alt=\"\" srcset=\"https:\/\/www.pinarto.com\/wp-content\/uploads\/2020\/04\/svatebni-video-mp.jpg 1092w, https:\/\/www.pinarto.com\/wp-content\/uploads\/2020\/04\/svatebni-video-mp-300x160.jpg 300w, https:\/\/www.pinarto.com\/wp-content\/uploads\/2020\/04\/svatebni-video-mp-1024x546.jpg 1024w, https:\/\/www.pinarto.com\/wp-content\/uploads\/2020\/04\/svatebni-video-mp-768x409.jpg 768w\" sizes=\"auto, (max-width: 1092px) 100vw, 1092px\" \/>                    <div class=\"video-icon\">\n                <a href=\"javascript:;\" class=\"view-video-button\" data-id=\"3923\" data-player=\"none\" data-server=\"vimeo\"><\/a>\n            <\/div>\n                <div class=\"video-meta\">\n            <h3 class=\"video-title\"><a href=\"https:\/\/www.pinarto.com\/sk\/video\/monika-petr\/\">Monika &#038; Petr<\/a><\/h3>\n            <div class=\"video-category\">\/ <a href=\"https:\/\/www.pinarto.com\/video-category\/svatebni-video\/\" rel=\"tag\">Svatebn\u00ed<\/a><\/div>\n        <\/div>\n    <\/div>\n<\/div>                            <\/div>\n        <\/div>\n    <\/div>\n            <\/div>  \n\n        [\/vc_column_inner][\/vc_row_inner][\/vc_column][\/vc_row][vc_row full_width=&#8221;stretch_row&#8221; css=&#8221;.vc_custom_1582829189984{padding-top: 5% !important;background-color: #191919 !important;}&#8221;][vc_column][vc_row_inner css=&#8221;.vc_custom_1533605322115{padding-bottom: 5% !important;}&#8221;][vc_column_inner][vc_empty_space height=&#8221;100px&#8221;][vc_custom_heading heading_style=&#8221;heading_style_1&#8243; text=&#8221;VYZN\u00c1ME SA AJ DO FOTIEK&#8221; font_container=&#8221;tag:h3|text_align:center&#8221; use_theme_fonts=&#8221;yes&#8221;][vc_custom_heading heading_style=&#8221;heading_style_6&#8243; text=&#8221;fotografick\u00e9 slu\u017eby&#8221; font_container=&#8221;tag:h3|text_align:center|color:%23ffffff&#8221; use_theme_fonts=&#8221;yes&#8221; pre_heading=&#8221;Svadobn\u00e9 &#8220;][\/vc_column_inner][\/vc_row_inner][vc_row_inner][vc_column_inner width=&#8221;1\/6&#8243;][\/vc_column_inner][vc_column_inner width=&#8221;2\/3&#8243;][vc_column_text el_class=&#8221;secondary-font&#8221;]<\/p>\n<p class=\"p1\" style=\"text-align: center; font-size: 18px; color: #d7d7d7;\"><span class=\"s1\">Dok\u00e1\u017eete si predstavi\u0165 svadbu bez fotografa? Asi sa zhodneme, \u017ee je neoddelite\u013enou s\u00fa\u010das\u0165ou a d\u00f4le\u017eit\u00fd pre bud\u00facnos\u0165. K fotk\u00e1m sa budete vraca\u0165 opakovane a mo\u017eno bud\u00fa dokonca zdobi\u0165 v\u00e1\u0161 interi\u00e9r. Rovnako ako vo videu, aj vo fotografi\u00e1ch dok\u00e1\u017eeme zachyti\u0165 jedine\u010dnos\u0165 v\u00e1\u0161ho d\u0148a &#8220;D&#8221;.<\/span><\/p>\n<p>[\/vc_column_text][\/vc_column_inner][vc_column_inner width=&#8221;1\/6&#8243;][\/vc_column_inner][\/vc_row_inner][\/vc_column][\/vc_row][vc_row full_width=&#8221;stretch_row_content_no_spaces&#8221; css=&#8221;.vc_custom_1582829198103{padding-top: 5% !important;background-color: #191919 !important;}&#8221;][vc_column][vc_row_inner content_placement=&#8221;middle&#8221;][vc_column_inner][vc_custom_heading heading_style=&#8221;heading_style_6&#8243; text=&#8221;&#8221; font_container=&#8221;tag:h3|text_align:center|color:%23ffffff&#8221; use_theme_fonts=&#8221;yes&#8221; hightlight_heading=&#8221;Uk\u00e1\u017eky svadobn\u00fdch foten\u00ed&#8221;][\/vc_column_inner][\/vc_row_inner][vc_empty_space height=&#8221;70px&#8221;]                        <div class=\"  \">\n                <div class=\"gallery-creative-shortcode-wrap packery packery \" \n    data-padding=\"0\"\n    data-columns=\"5\">\n    <div class=\"gallery-content-wrap gallery-list\">\n        \n        <div class=\"gallery-item small_squared style_1 image-col-5 padding-0\">\n                            <img decoding=\"async\" src=\"https:\/\/www.pinarto.com\/wp-content\/uploads\/2020\/04\/DenisaViktor_011-web.jpg\" alt=\"\">\n                        <div class=\"gallery-content-inner\">\n                <div class=\"gallery-content\">\n                                        \n                                        <a href=\"https:\/\/www.pinarto.com\/wp-content\/uploads\/2020\/04\/DenisaViktor_011-web.jpg\" class=\"gallery-link\">View Popup<\/a>\n                <\/div>\n            <\/div>\n        <\/div>\n\n        \n        <div class=\"gallery-item small_squared style_1 image-col-5 padding-0\">\n                            <img decoding=\"async\" src=\"https:\/\/www.pinarto.com\/wp-content\/uploads\/2020\/04\/DenisaViktor_008-web.jpg\" alt=\"\">\n                        <div class=\"gallery-content-inner\">\n                <div class=\"gallery-content\">\n                                        \n                                        <a href=\"https:\/\/www.pinarto.com\/wp-content\/uploads\/2020\/04\/DenisaViktor_008-web.jpg\" class=\"gallery-link\">View Popup<\/a>\n                <\/div>\n            <\/div>\n        <\/div>\n\n        \n        <div class=\"gallery-item small_squared style_1 image-col-5 padding-0\">\n                            <img decoding=\"async\" src=\"https:\/\/www.pinarto.com\/wp-content\/uploads\/2020\/04\/DenisaViktor_027-web.jpg\" alt=\"\">\n                        <div class=\"gallery-content-inner\">\n                <div class=\"gallery-content\">\n                                        \n                                        <a href=\"https:\/\/www.pinarto.com\/wp-content\/uploads\/2020\/04\/DenisaViktor_027-web.jpg\" class=\"gallery-link\">View Popup<\/a>\n                <\/div>\n            <\/div>\n        <\/div>\n\n        \n        <div class=\"gallery-item small_squared style_1 image-col-5 padding-0\">\n                            <img decoding=\"async\" src=\"https:\/\/www.pinarto.com\/wp-content\/uploads\/2020\/04\/DenisaViktor_326-web.jpg\" alt=\"\">\n                        <div class=\"gallery-content-inner\">\n                <div class=\"gallery-content\">\n                                        \n                                        <a href=\"https:\/\/www.pinarto.com\/wp-content\/uploads\/2020\/04\/DenisaViktor_326-web.jpg\" class=\"gallery-link\">View Popup<\/a>\n                <\/div>\n            <\/div>\n        <\/div>\n\n        \n        <div class=\"gallery-item small_squared style_1 image-col-5 padding-0\">\n                            <img decoding=\"async\" src=\"https:\/\/www.pinarto.com\/wp-content\/uploads\/2020\/04\/DenisaViktor_446-web.jpg\" alt=\"\">\n                        <div class=\"gallery-content-inner\">\n                <div class=\"gallery-content\">\n                                        \n                                        <a href=\"https:\/\/www.pinarto.com\/wp-content\/uploads\/2020\/04\/DenisaViktor_446-web.jpg\" class=\"gallery-link\">View Popup<\/a>\n                <\/div>\n            <\/div>\n        <\/div>\n\n        \n        <div class=\"gallery-item small_squared style_1 image-col-5 padding-0\">\n                            <img decoding=\"async\" src=\"https:\/\/www.pinarto.com\/wp-content\/uploads\/2020\/04\/KatkaEmino_054-web.jpg\" alt=\"\">\n                        <div class=\"gallery-content-inner\">\n                <div class=\"gallery-content\">\n                                        \n                                        <a href=\"https:\/\/www.pinarto.com\/wp-content\/uploads\/2020\/04\/KatkaEmino_054-web.jpg\" class=\"gallery-link\">View Popup<\/a>\n                <\/div>\n            <\/div>\n        <\/div>\n\n        \n        <div class=\"gallery-item small_squared style_1 image-col-5 padding-0\">\n                            <img decoding=\"async\" src=\"https:\/\/www.pinarto.com\/wp-content\/uploads\/2020\/04\/KatkaEmino_272-web.jpg\" alt=\"\">\n                        <div class=\"gallery-content-inner\">\n                <div class=\"gallery-content\">\n                                        \n                                        <a href=\"https:\/\/www.pinarto.com\/wp-content\/uploads\/2020\/04\/KatkaEmino_272-web.jpg\" class=\"gallery-link\">View Popup<\/a>\n                <\/div>\n            <\/div>\n        <\/div>\n\n        \n        <div class=\"gallery-item small_squared style_1 image-col-5 padding-0\">\n                            <img decoding=\"async\" src=\"https:\/\/www.pinarto.com\/wp-content\/uploads\/2020\/04\/KatkaEmino_298-web.jpg\" alt=\"\">\n                        <div class=\"gallery-content-inner\">\n                <div class=\"gallery-content\">\n                                        \n                                        <a href=\"https:\/\/www.pinarto.com\/wp-content\/uploads\/2020\/04\/KatkaEmino_298-web.jpg\" class=\"gallery-link\">View Popup<\/a>\n                <\/div>\n            <\/div>\n        <\/div>\n\n        \n        <div class=\"gallery-item small_squared style_1 image-col-5 padding-0\">\n                            <img decoding=\"async\" src=\"https:\/\/www.pinarto.com\/wp-content\/uploads\/2020\/04\/KatkaEmino_227-web.jpg\" alt=\"\">\n                        <div class=\"gallery-content-inner\">\n                <div class=\"gallery-content\">\n                                        \n                                        <a href=\"https:\/\/www.pinarto.com\/wp-content\/uploads\/2020\/04\/KatkaEmino_227-web.jpg\" class=\"gallery-link\">View Popup<\/a>\n                <\/div>\n            <\/div>\n        <\/div>\n\n        \n        <div class=\"gallery-item small_squared style_1 image-col-5 padding-0\">\n                            <img decoding=\"async\" src=\"https:\/\/www.pinarto.com\/wp-content\/uploads\/2020\/04\/KatkaEmino_366-web.jpg\" alt=\"\">\n                        <div class=\"gallery-content-inner\">\n                <div class=\"gallery-content\">\n                                        \n                                        <a href=\"https:\/\/www.pinarto.com\/wp-content\/uploads\/2020\/04\/KatkaEmino_366-web.jpg\" class=\"gallery-link\">View Popup<\/a>\n                <\/div>\n            <\/div>\n        <\/div>\n\n        \n        <div class=\"gallery-item small_squared style_1 image-col-5 padding-0\">\n                            <img decoding=\"async\" src=\"https:\/\/www.pinarto.com\/wp-content\/uploads\/2020\/04\/SandraPavel_003.jpg\" alt=\"\">\n                        <div class=\"gallery-content-inner\">\n                <div class=\"gallery-content\">\n                                        \n                                        <a href=\"https:\/\/www.pinarto.com\/wp-content\/uploads\/2020\/04\/SandraPavel_003.jpg\" class=\"gallery-link\">View Popup<\/a>\n                <\/div>\n            <\/div>\n        <\/div>\n\n        \n        <div class=\"gallery-item small_squared style_1 image-col-5 padding-0\">\n                            <img decoding=\"async\" src=\"https:\/\/www.pinarto.com\/wp-content\/uploads\/2020\/04\/SandraPavel_005.jpg\" alt=\"\">\n                        <div class=\"gallery-content-inner\">\n                <div class=\"gallery-content\">\n                                        \n                                        <a href=\"https:\/\/www.pinarto.com\/wp-content\/uploads\/2020\/04\/SandraPavel_005.jpg\" class=\"gallery-link\">View Popup<\/a>\n                <\/div>\n            <\/div>\n        <\/div>\n\n        \n        <div class=\"gallery-item small_squared style_1 image-col-5 padding-0\">\n                            <img decoding=\"async\" src=\"https:\/\/www.pinarto.com\/wp-content\/uploads\/2020\/04\/SandraPavel_259-2.jpg\" alt=\"\">\n                        <div class=\"gallery-content-inner\">\n                <div class=\"gallery-content\">\n                                        \n                                        <a href=\"https:\/\/www.pinarto.com\/wp-content\/uploads\/2020\/04\/SandraPavel_259-2.jpg\" class=\"gallery-link\">View Popup<\/a>\n                <\/div>\n            <\/div>\n        <\/div>\n\n        \n        <div class=\"gallery-item small_squared style_1 image-col-5 padding-0\">\n                            <img decoding=\"async\" src=\"https:\/\/www.pinarto.com\/wp-content\/uploads\/2020\/04\/SandraPavel_259-1.jpg\" alt=\"\">\n                        <div class=\"gallery-content-inner\">\n                <div class=\"gallery-content\">\n                                        \n                                        <a href=\"https:\/\/www.pinarto.com\/wp-content\/uploads\/2020\/04\/SandraPavel_259-1.jpg\" class=\"gallery-link\">View Popup<\/a>\n                <\/div>\n            <\/div>\n        <\/div>\n\n        \n        <div class=\"gallery-item small_squared style_1 image-col-5 padding-0\">\n                            <img decoding=\"async\" src=\"https:\/\/www.pinarto.com\/wp-content\/uploads\/2020\/04\/SandraPavel_259.jpg\" alt=\"\">\n                        <div class=\"gallery-content-inner\">\n                <div class=\"gallery-content\">\n                                        \n                                        <a href=\"https:\/\/www.pinarto.com\/wp-content\/uploads\/2020\/04\/SandraPavel_259.jpg\" class=\"gallery-link\">View Popup<\/a>\n                <\/div>\n            <\/div>\n        <\/div>\n\n            <\/div>\n<\/div>            <\/div>\n                    [vc_empty_space height=&#8221;140px&#8221;][\/vc_column][\/vc_row][vc_row full_width=&#8221;stretch_row_content_no_spaces&#8221; css=&#8221;.vc_custom_1582829198103{padding-top: 5% !important;background-color: #191919 !important;}&#8221;][vc_column][vc_custom_heading heading_style=&#8221;heading_style_6&#8243; text=&#8221;Title&#8221; font_container=&#8221;tag:h4|text_align:center|color:%23ffffff&#8221; use_theme_fonts=&#8221;yes&#8221;][vc_column_text el_class=&#8221;white-300-17&#8243;]<\/p>\n<p style=\"text-align: center;\">Text &#8230;<\/p>\n<p>[\/vc_column_text][vc_btn title=&#8221;TLA\u010c\u00cdTKO NEBO FORMUL\u00c1\u0158&#8221; style=&#8221;outline&#8221; shape=&#8221;square&#8221; color=&#8221;default&#8221; align=&#8221;center&#8221; link=&#8221;url:%23|||&#8221;][vc_empty_space height=&#8221;140px&#8221;][\/vc_column][\/vc_row]<\/p>\n<\/div>","protected":false},"excerpt":{"rendered":"<p>[vc_row full_width=&#8221;stretch_row&#8221; css=&#8221;.vc_custom_1582829189984{padding-top: 5% !important;background-color: #191919 !important;}&#8221;][vc_column][vc_row_inner css=&#8221;.vc_custom_1533605322115{padding-bottom: 5% !important;}&#8221;][vc_column_inner][vc_custom_heading heading_style=&#8221;heading_style_1&#8243; text=&#8221;\u016eCHOV\u00c1VAJTE SPOMIENKY&#8221; font_container=&#8221;tag:h3|text_align:center&#8221; use_theme_fonts=&#8221;yes&#8221;][vc_custom_heading heading_style=&#8221;heading_style_6&#8243; text=&#8221;&#8221; font_container=&#8221;tag:h3|text_align:center|color:%23ffffff&#8221; use_theme_fonts=&#8221;yes&#8221; pre_heading=&#8221;Svadobn\u00e9 video&#8221; hightlight_heading=&#8221;pre \u010fal\u0161ie gener\u00e1cie&#8221;][\/vc_column_inner][\/vc_row_inner][vc_row_inner][vc_column_inner width=&#8221;1\/6&#8243;][\/vc_column_inner][vc_column_inner width=&#8221;2\/3&#8243;][vc_column_text el_class=&#8221;secondary-font&#8221;] Urobte svoj de\u0148 D nezabudnute\u013en\u00fd (Ako by povedal Barney &#8211; legen, po\u010dkajte si &#8230; d\u00e1rny. &#8220;). Fotky a video zo svadby s\u00fa nie\u010do, k \u010domu sa budete vraca\u0165 [&hellip;]<\/p>\n","protected":false},"author":1,"featured_media":0,"parent":0,"menu_order":8,"comment_status":"closed","ping_status":"closed","template":"","meta":{"footnotes":""},"class_list":["post-4313","page","type-page","status-publish","hentry","clearfix"],"_links":{"self":[{"href":"https:\/\/www.pinarto.com\/sk\/wp-json\/wp\/v2\/pages\/4313","targetHints":{"allow":["GET"]}}],"collection":[{"href":"https:\/\/www.pinarto.com\/sk\/wp-json\/wp\/v2\/pages"}],"about":[{"href":"https:\/\/www.pinarto.com\/sk\/wp-json\/wp\/v2\/types\/page"}],"author":[{"embeddable":true,"href":"https:\/\/www.pinarto.com\/sk\/wp-json\/wp\/v2\/users\/1"}],"replies":[{"embeddable":true,"href":"https:\/\/www.pinarto.com\/sk\/wp-json\/wp\/v2\/comments?post=4313"}],"version-history":[{"count":0,"href":"https:\/\/www.pinarto.com\/sk\/wp-json\/wp\/v2\/pages\/4313\/revisions"}],"wp:attachment":[{"href":"https:\/\/www.pinarto.com\/sk\/wp-json\/wp\/v2\/media?parent=4313"}],"curies":[{"name":"wp","href":"https:\/\/api.w.org\/{rel}","templated":true}]}}