{"id":4303,"date":"2020-04-09T13:21:33","date_gmt":"2020-04-09T11:21:33","guid":{"rendered":"https:\/\/www.pinarto.com\/fotografie\/"},"modified":"2020-07-27T23:39:51","modified_gmt":"2020-07-27T21:39:51","slug":"fotografie","status":"publish","type":"page","link":"https:\/\/www.pinarto.com\/sk\/fotografie\/","title":{"rendered":"Foto portfolio"},"content":{"rendered":"<div class=\"wpb-content-wrapper\"><p>[vc_row full_width=&#8221;stretch_row&#8221; css=&#8221;.vc_custom_1582829189984{padding-top: 5% !important;background-color: #191919 !important;}&#8221;][vc_column][vc_row_inner css=&#8221;.vc_custom_1533605322115{padding-bottom: 5% !important;}&#8221;][vc_column_inner][vc_custom_heading heading_style=&#8221;heading_style_1&#8243; text=&#8221;NEROB\u00cdME LEN VIDEO&#8221; font_container=&#8221;tag:h3|text_align:center&#8221; use_theme_fonts=&#8221;yes&#8221;][vc_custom_heading heading_style=&#8221;heading_style_6&#8243; text=&#8221;fotografick\u00e9 slu\u017eby&#8221; font_container=&#8221;tag:h3|text_align:center|color:%23ffffff&#8221; use_theme_fonts=&#8221;yes&#8221; pre_heading=&#8221;Pon\u00fakame aj&#8221;][\/vc_column_inner][\/vc_row_inner][vc_row_inner][vc_column_inner width=&#8221;1\/6&#8243;][\/vc_column_inner][vc_column_inner width=&#8221;2\/3&#8243;][vc_column_text el_class=&#8221;secondary-font&#8221;]<\/p>\n<p class=\"p1\" style=\"text-align: center; font-size: 18px; color: #d7d7d7;\"><span class=\"s1\">Fotografie s\u00fa neoddelite\u013enou s\u00fa\u010das\u0165ou vizu\u00e1lnej propag\u00e1cie a s videom sa skvele dop\u013a\u0148aj\u00fa. Pon\u00fakame zhotovenie reklamn\u00fdch fotografi\u00ed \u010di u\u017e sa jedn\u00e1 o interi\u00e9ry, produkty, image, at\u010f. Pozrite si na\u0161e referencie z predo\u0161l\u00fdch foten\u00ed.<\/span><\/p>\n<p>[\/vc_column_text][\/vc_column_inner][vc_column_inner width=&#8221;1\/6&#8243;][\/vc_column_inner][\/vc_row_inner][\/vc_column][\/vc_row][vc_row full_width=&#8221;stretch_row_content_no_spaces&#8221; disable_element=&#8221;yes&#8221; css=&#8221;.vc_custom_1592748733975{padding-top: 5% !important;background-color: #191919 !important;}&#8221;][vc_column][vc_row_inner content_placement=&#8221;middle&#8221;][vc_column_inner][vc_custom_heading heading_style=&#8221;heading_style_6&#8243; text=&#8221;&#8221; font_container=&#8221;tag:h3|text_align:center|color:%23ffffff&#8221; use_theme_fonts=&#8221;yes&#8221; hightlight_heading=&#8221;Examples of our work&#8221;][\/vc_column_inner][\/vc_row_inner][vc_empty_space height=&#8221;70px&#8221;][vc_raw_html]JTVCbW9kdWxhLWFsYnVtJTIwaWQlM0QlMjI0MDcxJTIyJTVE[\/vc_raw_html][vc_empty_space height=&#8221;140px&#8221;][vc_custom_heading heading_style=&#8221;heading_style_6&#8243; text=&#8221;Backstage&#8221; font_container=&#8221;tag:h4|text_align:center|color:%23ffffff&#8221; use_theme_fonts=&#8221;yes&#8221;][vc_column_text el_class=&#8221;white-300-17&#8243;]<\/p>\n<p style=\"text-align: center;\">Zaj\u00edm\u00e1 v\u00e1s jak to m\u016f\u017ee vypadat p\u0159i vzniku va\u0161\u00ed vizu\u00e1ln\u00ed propagace.<br \/>\nZveme v\u00e1s do z\u00e1kulis\u00ed.<\/p>\n<p>[\/vc_column_text][vc_btn title=&#8221;P\u0158EJ\u00cdT DO BACKSTAGE&#8221; style=&#8221;outline&#8221; shape=&#8221;square&#8221; color=&#8221;default&#8221; align=&#8221;center&#8221; link=&#8221;url:https%3A%2F%2Fwww.pinarto.com%2Fbackstage%2F|title:Backstage||&#8221;][vc_empty_space height=&#8221;140px&#8221;][\/vc_column][\/vc_row][vc_row full_width=&#8221;stretch_row_content_no_spaces&#8221; css=&#8221;.vc_custom_1582829198103{padding-top: 5% !important;background-color: #191919 !important;}&#8221;][vc_column][vc_row_inner content_placement=&#8221;middle&#8221;][vc_column_inner][vc_custom_heading heading_style=&#8221;heading_style_6&#8243; text=&#8221;&#8221; font_container=&#8221;tag:h3|text_align:center|color:%23ffffff&#8221; use_theme_fonts=&#8221;yes&#8221; hightlight_heading=&#8221;Uk\u00e1\u017eky pr\u00e1ce&#8221;][\/vc_column_inner][\/vc_row_inner][vc_empty_space height=&#8221;70px&#8221;][vc_raw_html]JTVCbW9kdWxhJTIwaWQlM0QlMjI0MTE3JTIyJTVE[\/vc_raw_html][vc_empty_space height=&#8221;140px&#8221;][vc_custom_heading heading_style=&#8221;heading_style_6&#8243; text=&#8221;Backstage&#8221; font_container=&#8221;tag:h4|text_align:center|color:%23ffffff&#8221; use_theme_fonts=&#8221;yes&#8221;][vc_column_text el_class=&#8221;white-300-17&#8243;]<\/p>\n<p style=\"text-align: center;\">Zauj\u00edma v\u00e1s, ako m\u00f4\u017ee vyzera\u0165 vznik va\u0161ej vizu\u00e1lnej propag\u00e1cie?<br \/>\nPoz\u00fdvame v\u00e1s do z\u00e1kulisia.<\/p>\n<p>[\/vc_column_text][vc_btn title=&#8221;PREJS\u0164 DO BACKSTAGE&#8221; style=&#8221;outline&#8221; shape=&#8221;square&#8221; color=&#8221;default&#8221; align=&#8221;center&#8221; link=&#8221;url:https%3A%2F%2Fwww.pinarto.com%2Fsk%2Fbackstage%2F|title:Backstage||&#8221;][vc_empty_space height=&#8221;140px&#8221;][\/vc_column][\/vc_row][vc_row full_width=&#8221;stretch_row&#8221; css=&#8221;.vc_custom_1586432430418{padding-top: 6% !important;padding-bottom: 12% !important;background-image: url(https:\/\/www.pinarto.com\/wp-content\/uploads\/2020\/04\/fotograficke-sluzby.jpg?id=3836) !important;background-position: center !important;background-repeat: no-repeat !important;background-size: cover !important;}&#8221;][vc_column][vc_row_inner][vc_column_inner][vc_custom_heading heading_style=&#8221;heading_style_1&#8243; text=&#8221;DAJTE N\u00c1M VEDIE\u0164&#8221; font_container=&#8221;tag:h4|text_align:center&#8221; use_theme_fonts=&#8221;yes&#8221;][vc_custom_heading heading_style=&#8221;heading_style_6&#8243; text=&#8221;fotografie ktor\u00e9 up\u00fataj\u00fa&#8221; font_container=&#8221;tag:h5|text_align:center|color:%23ffffff&#8221; use_theme_fonts=&#8221;yes&#8221; link=&#8221;url:https%3A%2F%2Fwww.pinarto.com%2Fsk%2Fkontakt%2F|title:Kontakt||&#8221; hightlight_heading=&#8221;Tvor\u00edme&#8221;][\/vc_column_inner][\/vc_row_inner][\/vc_column][\/vc_row]<\/p>\n<\/div>","protected":false},"excerpt":{"rendered":"<p>[vc_row full_width=&#8221;stretch_row&#8221; css=&#8221;.vc_custom_1582829189984{padding-top: 5% !important;background-color: #191919 !important;}&#8221;][vc_column][vc_row_inner css=&#8221;.vc_custom_1533605322115{padding-bottom: 5% !important;}&#8221;][vc_column_inner][vc_custom_heading heading_style=&#8221;heading_style_1&#8243; text=&#8221;NEROB\u00cdME LEN VIDEO&#8221; font_container=&#8221;tag:h3|text_align:center&#8221; use_theme_fonts=&#8221;yes&#8221;][vc_custom_heading heading_style=&#8221;heading_style_6&#8243; text=&#8221;fotografick\u00e9 slu\u017eby&#8221; font_container=&#8221;tag:h3|text_align:center|color:%23ffffff&#8221; use_theme_fonts=&#8221;yes&#8221; pre_heading=&#8221;Pon\u00fakame aj&#8221;][\/vc_column_inner][\/vc_row_inner][vc_row_inner][vc_column_inner width=&#8221;1\/6&#8243;][\/vc_column_inner][vc_column_inner width=&#8221;2\/3&#8243;][vc_column_text el_class=&#8221;secondary-font&#8221;] Fotografie s\u00fa neoddelite\u013enou s\u00fa\u010das\u0165ou vizu\u00e1lnej propag\u00e1cie a s videom sa skvele dop\u013a\u0148aj\u00fa. Pon\u00fakame zhotovenie reklamn\u00fdch fotografi\u00ed \u010di u\u017e sa jedn\u00e1 o interi\u00e9ry, produkty, image, at\u010f. Pozrite si na\u0161e referencie [&hellip;]<\/p>\n","protected":false},"author":1,"featured_media":0,"parent":0,"menu_order":7,"comment_status":"closed","ping_status":"closed","template":"","meta":{"footnotes":""},"class_list":["post-4303","page","type-page","status-publish","hentry","clearfix"],"_links":{"self":[{"href":"https:\/\/www.pinarto.com\/sk\/wp-json\/wp\/v2\/pages\/4303","targetHints":{"allow":["GET"]}}],"collection":[{"href":"https:\/\/www.pinarto.com\/sk\/wp-json\/wp\/v2\/pages"}],"about":[{"href":"https:\/\/www.pinarto.com\/sk\/wp-json\/wp\/v2\/types\/page"}],"author":[{"embeddable":true,"href":"https:\/\/www.pinarto.com\/sk\/wp-json\/wp\/v2\/users\/1"}],"replies":[{"embeddable":true,"href":"https:\/\/www.pinarto.com\/sk\/wp-json\/wp\/v2\/comments?post=4303"}],"version-history":[{"count":0,"href":"https:\/\/www.pinarto.com\/sk\/wp-json\/wp\/v2\/pages\/4303\/revisions"}],"wp:attachment":[{"href":"https:\/\/www.pinarto.com\/sk\/wp-json\/wp\/v2\/media?parent=4303"}],"curies":[{"name":"wp","href":"https:\/\/api.w.org\/{rel}","templated":true}]}}