{"id":4307,"date":"2020-04-09T23:20:28","date_gmt":"2020-04-09T21:20:28","guid":{"rendered":"https:\/\/www.pinarto.com\/svatebni-video\/"},"modified":"2020-07-25T21:03:15","modified_gmt":"2020-07-25T19:03:15","slug":"wedding-video","status":"publish","type":"page","link":"https:\/\/www.pinarto.com\/en\/wedding-video\/","title":{"rendered":"Wedding video"},"content":{"rendered":"<div class=\"wpb-content-wrapper\"><p>[vc_row full_width=&#8221;stretch_row&#8221; css=&#8221;.vc_custom_1582829189984{padding-top: 5% !important;background-color: #191919 !important;}&#8221;][vc_column][vc_row_inner css=&#8221;.vc_custom_1533605322115{padding-bottom: 5% !important;}&#8221;][vc_column_inner][vc_custom_heading heading_style=&#8221;heading_style_1&#8243; text=&#8221;KEEP THE MEMORIES&#8221; font_container=&#8221;tag:h3|text_align:center&#8221; use_theme_fonts=&#8221;yes&#8221;][vc_custom_heading heading_style=&#8221;heading_style_6&#8243; text=&#8221;&#8221; font_container=&#8221;tag:h3|text_align:center|color:%23ffffff&#8221; use_theme_fonts=&#8221;yes&#8221; pre_heading=&#8221;Wedding video&#8221; hightlight_heading=&#8221;for the generations to come&#8221;][\/vc_column_inner][\/vc_row_inner][vc_row_inner][vc_column_inner width=&#8221;1\/6&#8243;][\/vc_column_inner][vc_column_inner width=&#8221;2\/3&#8243;][vc_column_text el_class=&#8221;secondary-font&#8221;]<\/p>\n<p class=\"p1\" style=\"text-align: center; font-size: 18px; color: #d7d7d7;\"><span class=\"s1\">Make your big day unforgettable (and, as Barney Stinson would say: &#8220;Legen &#8211; wait for it &#8211; dary!&#8221;). Photos and videos from your wedding day are something you will keep and come back to for the rest of your life. And not just you, but also your friends, children, grandchildren&#8230; <\/span><\/p>\n<p>[\/vc_column_text][\/vc_column_inner][vc_column_inner width=&#8221;1\/6&#8243;][\/vc_column_inner][\/vc_row_inner][\/vc_column][\/vc_row][vc_row full_width=&#8221;stretch_row_content_no_spaces&#8221; css=&#8221;.vc_custom_1582829198103{padding-top: 5% !important;background-color: #191919 !important;}&#8221;][vc_column][vc_row_inner][vc_column_inner]  \n        <div class=\" \">\n                <div class=\"video-shortcode-wrapper grid \">\n        <div class=\"video-content\">\n                       <!--  <ul data-option-key=\"filter\" class=\"video-filter style_1 align_left hide\">\n                <li>\n                    <a class=\"\"\n                        href=\"javascript:;\" \n                        data-option-value=\"*\"\n                    >All<\/a>\n                <\/li>\n                            <\/ul> -->\n                        <ul data-option-key=\"filter\" class=\"video-filter style_1 align_left hide\"><li><a class=\"\" href=\";\" data-option-value=\"*\">All<\/a><\/li><li class=\"hide\"><a href=\"#\" data-option-value=\".corporate-video\" title=\"Corporate video\">Corporate video<\/a><\/li><li class=\"hide\"><a href=\"#\" data-option-value=\".latest\" title=\"Latest\">Latest<\/a><\/li><li class=\"hide\"><a href=\"#\" data-option-value=\".music-videos\" title=\"Music videos\">Music videos<\/a><\/li><li class=\"hide\"><a href=\"#\" data-option-value=\".references\" title=\"References\">References<\/a><\/li><li class=\"hide\"><a href=\"#\" data-option-value=\".video-commercials\" title=\"Video commercials\">Video commercials<\/a><\/li><\/ul>\n            <div class=\"video-list columns-3 style_1\">\n                                    <div class=\"video-item style_1 svatebni-video \" onclick=\"void(0)\">\n    <div class=\"video-image\">\n        <img loading=\"lazy\" decoding=\"async\" width=\"1092\" height=\"582\" src=\"https:\/\/www.pinarto.com\/wp-content\/uploads\/2020\/04\/svatebni-video-sb.jpg\" class=\"attachment-post-thumbnail size-post-thumbnail wp-post-image\" alt=\"\" srcset=\"https:\/\/www.pinarto.com\/wp-content\/uploads\/2020\/04\/svatebni-video-sb.jpg 1092w, https:\/\/www.pinarto.com\/wp-content\/uploads\/2020\/04\/svatebni-video-sb-300x160.jpg 300w, https:\/\/www.pinarto.com\/wp-content\/uploads\/2020\/04\/svatebni-video-sb-1024x546.jpg 1024w, https:\/\/www.pinarto.com\/wp-content\/uploads\/2020\/04\/svatebni-video-sb-768x409.jpg 768w\" sizes=\"auto, (max-width: 1092px) 100vw, 1092px\" \/>                    <div class=\"video-icon\">\n                <a href=\"javascript:;\" class=\"view-video-button\" data-id=\"3925\" data-player=\"none\" data-server=\"vimeo\"><\/a>\n            <\/div>\n                <div class=\"video-meta\">\n            <h3 class=\"video-title\"><a href=\"https:\/\/www.pinarto.com\/en\/video\/sary-beny\/\">Sary &#038; Beny<\/a><\/h3>\n            <div class=\"video-category\">\/ <a href=\"https:\/\/www.pinarto.com\/video-category\/svatebni-video\/\" rel=\"tag\">Svatebn\u00ed<\/a><\/div>\n        <\/div>\n    <\/div>\n<\/div>                                    <div class=\"video-item style_1 svatebni-video \" onclick=\"void(0)\">\n    <div class=\"video-image\">\n        <img loading=\"lazy\" decoding=\"async\" width=\"1092\" height=\"582\" src=\"https:\/\/www.pinarto.com\/wp-content\/uploads\/2020\/02\/zuzka.jpg\" class=\"attachment-post-thumbnail size-post-thumbnail wp-post-image\" alt=\"\" srcset=\"https:\/\/www.pinarto.com\/wp-content\/uploads\/2020\/02\/zuzka.jpg 1092w, https:\/\/www.pinarto.com\/wp-content\/uploads\/2020\/02\/zuzka-300x160.jpg 300w, https:\/\/www.pinarto.com\/wp-content\/uploads\/2020\/02\/zuzka-1024x546.jpg 1024w, https:\/\/www.pinarto.com\/wp-content\/uploads\/2020\/02\/zuzka-768x409.jpg 768w\" sizes=\"auto, (max-width: 1092px) 100vw, 1092px\" \/>                    <div class=\"video-icon\">\n                <a href=\"javascript:;\" class=\"view-video-button\" data-id=\"3591\" data-player=\"none\" data-server=\"vimeo\"><\/a>\n            <\/div>\n                <div class=\"video-meta\">\n            <h3 class=\"video-title\"><a href=\"https:\/\/www.pinarto.com\/en\/video\/zuzka-a-lukas\/\">Zuzka &#038; Lukas<\/a><\/h3>\n            <div class=\"video-category\">\/ <a href=\"https:\/\/www.pinarto.com\/video-category\/svatebni-video\/\" rel=\"tag\">Svatebn\u00ed<\/a><\/div>\n        <\/div>\n    <\/div>\n<\/div>                                    <div class=\"video-item style_1 svatebni-video \" onclick=\"void(0)\">\n    <div class=\"video-image\">\n        <img loading=\"lazy\" decoding=\"async\" width=\"1092\" height=\"582\" src=\"https:\/\/www.pinarto.com\/wp-content\/uploads\/2020\/04\/svatebni-video-mp.jpg\" class=\"attachment-post-thumbnail size-post-thumbnail wp-post-image\" alt=\"\" srcset=\"https:\/\/www.pinarto.com\/wp-content\/uploads\/2020\/04\/svatebni-video-mp.jpg 1092w, https:\/\/www.pinarto.com\/wp-content\/uploads\/2020\/04\/svatebni-video-mp-300x160.jpg 300w, https:\/\/www.pinarto.com\/wp-content\/uploads\/2020\/04\/svatebni-video-mp-1024x546.jpg 1024w, https:\/\/www.pinarto.com\/wp-content\/uploads\/2020\/04\/svatebni-video-mp-768x409.jpg 768w\" sizes=\"auto, (max-width: 1092px) 100vw, 1092px\" \/>                    <div class=\"video-icon\">\n                <a href=\"javascript:;\" class=\"view-video-button\" data-id=\"3923\" data-player=\"none\" data-server=\"vimeo\"><\/a>\n            <\/div>\n                <div class=\"video-meta\">\n            <h3 class=\"video-title\"><a href=\"https:\/\/www.pinarto.com\/en\/video\/monika-petr\/\">Monika &#038; Petr<\/a><\/h3>\n            <div class=\"video-category\">\/ <a href=\"https:\/\/www.pinarto.com\/video-category\/svatebni-video\/\" rel=\"tag\">Svatebn\u00ed<\/a><\/div>\n        <\/div>\n    <\/div>\n<\/div>                                    <div class=\"video-item style_1 svatebni-video \" onclick=\"void(0)\">\n    <div class=\"video-image\">\n        <img loading=\"lazy\" decoding=\"async\" width=\"1092\" height=\"582\" src=\"https:\/\/www.pinarto.com\/wp-content\/uploads\/2020\/02\/svatebni-01.jpg\" class=\"attachment-post-thumbnail size-post-thumbnail wp-post-image\" alt=\"\" srcset=\"https:\/\/www.pinarto.com\/wp-content\/uploads\/2020\/02\/svatebni-01.jpg 1092w, https:\/\/www.pinarto.com\/wp-content\/uploads\/2020\/02\/svatebni-01-300x160.jpg 300w, https:\/\/www.pinarto.com\/wp-content\/uploads\/2020\/02\/svatebni-01-1024x546.jpg 1024w, https:\/\/www.pinarto.com\/wp-content\/uploads\/2020\/02\/svatebni-01-768x409.jpg 768w\" sizes=\"auto, (max-width: 1092px) 100vw, 1092px\" \/>                    <div class=\"video-icon\">\n                <a href=\"javascript:;\" class=\"view-video-button\" data-id=\"3565\" data-player=\"none\" data-server=\"vimeo\"><\/a>\n            <\/div>\n                <div class=\"video-meta\">\n            <h3 class=\"video-title\"><a href=\"https:\/\/www.pinarto.com\/en\/video\/patricia-mark\/\">Patricia &#038; Mark<\/a><\/h3>\n            <div class=\"video-category\">\/ <a href=\"https:\/\/www.pinarto.com\/video-category\/svatebni-video\/\" rel=\"tag\">Svatebn\u00ed<\/a><\/div>\n        <\/div>\n    <\/div>\n<\/div>                                    <div class=\"video-item style_1 svatebni-video \" onclick=\"void(0)\">\n    <div class=\"video-image\">\n        <img loading=\"lazy\" decoding=\"async\" width=\"1092\" height=\"582\" src=\"https:\/\/www.pinarto.com\/wp-content\/uploads\/2020\/02\/marketa.jpg\" class=\"attachment-post-thumbnail size-post-thumbnail wp-post-image\" alt=\"\" srcset=\"https:\/\/www.pinarto.com\/wp-content\/uploads\/2020\/02\/marketa.jpg 1092w, https:\/\/www.pinarto.com\/wp-content\/uploads\/2020\/02\/marketa-300x160.jpg 300w, https:\/\/www.pinarto.com\/wp-content\/uploads\/2020\/02\/marketa-1024x546.jpg 1024w, https:\/\/www.pinarto.com\/wp-content\/uploads\/2020\/02\/marketa-768x409.jpg 768w\" sizes=\"auto, (max-width: 1092px) 100vw, 1092px\" \/>                    <div class=\"video-icon\">\n                <a href=\"javascript:;\" class=\"view-video-button\" data-id=\"3593\" data-player=\"none\" data-server=\"vimeo\"><\/a>\n            <\/div>\n                <div class=\"video-meta\">\n            <h3 class=\"video-title\"><a href=\"https:\/\/www.pinarto.com\/en\/video\/marketa-michal\/\">Mark\u00e9ta &#038; Michal<\/a><\/h3>\n            <div class=\"video-category\">\/ <a href=\"https:\/\/www.pinarto.com\/video-category\/svatebni-video\/\" rel=\"tag\">Svatebn\u00ed<\/a><\/div>\n        <\/div>\n    <\/div>\n<\/div>                                    <div class=\"video-item style_1 svatebni-video \" onclick=\"void(0)\">\n    <div class=\"video-image\">\n        <img loading=\"lazy\" decoding=\"async\" width=\"1092\" height=\"582\" src=\"https:\/\/www.pinarto.com\/wp-content\/uploads\/2020\/04\/svatebni-video-tk.jpg\" class=\"attachment-post-thumbnail size-post-thumbnail wp-post-image\" alt=\"\" srcset=\"https:\/\/www.pinarto.com\/wp-content\/uploads\/2020\/04\/svatebni-video-tk.jpg 1092w, https:\/\/www.pinarto.com\/wp-content\/uploads\/2020\/04\/svatebni-video-tk-300x160.jpg 300w, https:\/\/www.pinarto.com\/wp-content\/uploads\/2020\/04\/svatebni-video-tk-1024x546.jpg 1024w, https:\/\/www.pinarto.com\/wp-content\/uploads\/2020\/04\/svatebni-video-tk-768x409.jpg 768w\" sizes=\"auto, (max-width: 1092px) 100vw, 1092px\" \/>                    <div class=\"video-icon\">\n                <a href=\"javascript:;\" class=\"view-video-button\" data-id=\"3927\" data-player=\"none\" data-server=\"vimeo\"><\/a>\n            <\/div>\n                <div class=\"video-meta\">\n            <h3 class=\"video-title\"><a href=\"https:\/\/www.pinarto.com\/en\/video\/taire-kyle\/\">Taire &#038; Kyle<\/a><\/h3>\n            <div class=\"video-category\">\/ <a href=\"https:\/\/www.pinarto.com\/video-category\/svatebni-video\/\" rel=\"tag\">Svatebn\u00ed<\/a><\/div>\n        <\/div>\n    <\/div>\n<\/div>                            <\/div>\n        <\/div>\n    <\/div>\n            <\/div>  \n\n        [\/vc_column_inner][\/vc_row_inner][\/vc_column][\/vc_row][vc_row full_width=&#8221;stretch_row&#8221; css=&#8221;.vc_custom_1582829189984{padding-top: 5% !important;background-color: #191919 !important;}&#8221;][vc_column][vc_row_inner css=&#8221;.vc_custom_1533605322115{padding-bottom: 5% !important;}&#8221;][vc_column_inner][vc_empty_space height=&#8221;100px&#8221;][vc_custom_heading heading_style=&#8221;heading_style_1&#8243; text=&#8221;WE ARE ALSO PROS AT PHOTOGRAPHY&#8221; font_container=&#8221;tag:h3|text_align:center&#8221; use_theme_fonts=&#8221;yes&#8221;][vc_custom_heading heading_style=&#8221;heading_style_6&#8243; text=&#8221;photography services&#8221; font_container=&#8221;tag:h3|text_align:center|color:%23ffffff&#8221; use_theme_fonts=&#8221;yes&#8221; pre_heading=&#8221;Wedding&#8221;][\/vc_column_inner][\/vc_row_inner][vc_row_inner][vc_column_inner width=&#8221;1\/6&#8243;][\/vc_column_inner][vc_column_inner width=&#8221;2\/3&#8243;][vc_column_text el_class=&#8221;secondary-font&#8221;]<\/p>\n<p class=\"p1\" style=\"text-align: center; font-size: 18px; color: #d7d7d7;\"><span class=\"s1\">Can you imagine your wedding without a photographer? I think we can agree a photographer is an inseparable part of any wedding and he\/she is important for its keepsake. You will always come back to the photos and they might even end up decorating the interior of your home. Like in a video, even in photos we can capture the uniqueness of your big day.<\/span><\/p>\n<p>[\/vc_column_text][\/vc_column_inner][vc_column_inner width=&#8221;1\/6&#8243;][\/vc_column_inner][\/vc_row_inner][\/vc_column][\/vc_row][vc_row full_width=&#8221;stretch_row_content_no_spaces&#8221; css=&#8221;.vc_custom_1582829198103{padding-top: 5% !important;background-color: #191919 !important;}&#8221;][vc_column][vc_row_inner content_placement=&#8221;middle&#8221;][vc_column_inner][vc_custom_heading heading_style=&#8221;heading_style_6&#8243; text=&#8221;&#8221; font_container=&#8221;tag:h3|text_align:center|color:%23ffffff&#8221; use_theme_fonts=&#8221;yes&#8221; hightlight_heading=&#8221;Preview of our wedding photography&#8221;][\/vc_column_inner][\/vc_row_inner][vc_empty_space height=&#8221;70px&#8221;]                        <div class=\"  \">\n                <div class=\"gallery-creative-shortcode-wrap packery packery \" \n    data-padding=\"0\"\n    data-columns=\"5\">\n    <div class=\"gallery-content-wrap gallery-list\">\n        \n        <div class=\"gallery-item small_squared style_1 image-col-5 padding-0\">\n                            <img decoding=\"async\" src=\"https:\/\/www.pinarto.com\/wp-content\/uploads\/2020\/04\/DenisaViktor_011-web.jpg\" alt=\"\">\n                        <div class=\"gallery-content-inner\">\n                <div class=\"gallery-content\">\n                                        \n                                        <a href=\"https:\/\/www.pinarto.com\/wp-content\/uploads\/2020\/04\/DenisaViktor_011-web.jpg\" class=\"gallery-link\">View Popup<\/a>\n                <\/div>\n            <\/div>\n        <\/div>\n\n        \n        <div class=\"gallery-item small_squared style_1 image-col-5 padding-0\">\n                            <img decoding=\"async\" src=\"https:\/\/www.pinarto.com\/wp-content\/uploads\/2020\/04\/DenisaViktor_008-web.jpg\" alt=\"\">\n                        <div class=\"gallery-content-inner\">\n                <div class=\"gallery-content\">\n                                        \n                                        <a href=\"https:\/\/www.pinarto.com\/wp-content\/uploads\/2020\/04\/DenisaViktor_008-web.jpg\" class=\"gallery-link\">View Popup<\/a>\n                <\/div>\n            <\/div>\n        <\/div>\n\n        \n        <div class=\"gallery-item small_squared style_1 image-col-5 padding-0\">\n                            <img decoding=\"async\" src=\"https:\/\/www.pinarto.com\/wp-content\/uploads\/2020\/04\/DenisaViktor_027-web.jpg\" alt=\"\">\n                        <div class=\"gallery-content-inner\">\n                <div class=\"gallery-content\">\n                                        \n                                        <a href=\"https:\/\/www.pinarto.com\/wp-content\/uploads\/2020\/04\/DenisaViktor_027-web.jpg\" class=\"gallery-link\">View Popup<\/a>\n                <\/div>\n            <\/div>\n        <\/div>\n\n        \n        <div class=\"gallery-item small_squared style_1 image-col-5 padding-0\">\n                            <img decoding=\"async\" src=\"https:\/\/www.pinarto.com\/wp-content\/uploads\/2020\/04\/DenisaViktor_326-web.jpg\" alt=\"\">\n                        <div class=\"gallery-content-inner\">\n                <div class=\"gallery-content\">\n                                        \n                                        <a href=\"https:\/\/www.pinarto.com\/wp-content\/uploads\/2020\/04\/DenisaViktor_326-web.jpg\" class=\"gallery-link\">View Popup<\/a>\n                <\/div>\n            <\/div>\n        <\/div>\n\n        \n        <div class=\"gallery-item small_squared style_1 image-col-5 padding-0\">\n                            <img decoding=\"async\" src=\"https:\/\/www.pinarto.com\/wp-content\/uploads\/2020\/04\/DenisaViktor_446-web.jpg\" alt=\"\">\n                        <div class=\"gallery-content-inner\">\n                <div class=\"gallery-content\">\n                                        \n                                        <a href=\"https:\/\/www.pinarto.com\/wp-content\/uploads\/2020\/04\/DenisaViktor_446-web.jpg\" class=\"gallery-link\">View Popup<\/a>\n                <\/div>\n            <\/div>\n        <\/div>\n\n        \n        <div class=\"gallery-item small_squared style_1 image-col-5 padding-0\">\n                            <img decoding=\"async\" src=\"https:\/\/www.pinarto.com\/wp-content\/uploads\/2020\/04\/KatkaEmino_054-web.jpg\" alt=\"\">\n                        <div class=\"gallery-content-inner\">\n                <div class=\"gallery-content\">\n                                        \n                                        <a href=\"https:\/\/www.pinarto.com\/wp-content\/uploads\/2020\/04\/KatkaEmino_054-web.jpg\" class=\"gallery-link\">View Popup<\/a>\n                <\/div>\n            <\/div>\n        <\/div>\n\n        \n        <div class=\"gallery-item small_squared style_1 image-col-5 padding-0\">\n                            <img decoding=\"async\" src=\"https:\/\/www.pinarto.com\/wp-content\/uploads\/2020\/04\/KatkaEmino_272-web.jpg\" alt=\"\">\n                        <div class=\"gallery-content-inner\">\n                <div class=\"gallery-content\">\n                                        \n                                        <a href=\"https:\/\/www.pinarto.com\/wp-content\/uploads\/2020\/04\/KatkaEmino_272-web.jpg\" class=\"gallery-link\">View Popup<\/a>\n                <\/div>\n            <\/div>\n        <\/div>\n\n        \n        <div class=\"gallery-item small_squared style_1 image-col-5 padding-0\">\n                            <img decoding=\"async\" src=\"https:\/\/www.pinarto.com\/wp-content\/uploads\/2020\/04\/KatkaEmino_298-web.jpg\" alt=\"\">\n                        <div class=\"gallery-content-inner\">\n                <div class=\"gallery-content\">\n                                        \n                                        <a href=\"https:\/\/www.pinarto.com\/wp-content\/uploads\/2020\/04\/KatkaEmino_298-web.jpg\" class=\"gallery-link\">View Popup<\/a>\n                <\/div>\n            <\/div>\n        <\/div>\n\n        \n        <div class=\"gallery-item small_squared style_1 image-col-5 padding-0\">\n                            <img decoding=\"async\" src=\"https:\/\/www.pinarto.com\/wp-content\/uploads\/2020\/04\/KatkaEmino_227-web.jpg\" alt=\"\">\n                        <div class=\"gallery-content-inner\">\n                <div class=\"gallery-content\">\n                                        \n                                        <a href=\"https:\/\/www.pinarto.com\/wp-content\/uploads\/2020\/04\/KatkaEmino_227-web.jpg\" class=\"gallery-link\">View Popup<\/a>\n                <\/div>\n            <\/div>\n        <\/div>\n\n        \n        <div class=\"gallery-item small_squared style_1 image-col-5 padding-0\">\n                            <img decoding=\"async\" src=\"https:\/\/www.pinarto.com\/wp-content\/uploads\/2020\/04\/KatkaEmino_366-web.jpg\" alt=\"\">\n                        <div class=\"gallery-content-inner\">\n                <div class=\"gallery-content\">\n                                        \n                                        <a href=\"https:\/\/www.pinarto.com\/wp-content\/uploads\/2020\/04\/KatkaEmino_366-web.jpg\" class=\"gallery-link\">View Popup<\/a>\n                <\/div>\n            <\/div>\n        <\/div>\n\n        \n        <div class=\"gallery-item small_squared style_1 image-col-5 padding-0\">\n                            <img decoding=\"async\" src=\"https:\/\/www.pinarto.com\/wp-content\/uploads\/2020\/04\/SandraPavel_003.jpg\" alt=\"\">\n                        <div class=\"gallery-content-inner\">\n                <div class=\"gallery-content\">\n                                        \n                                        <a href=\"https:\/\/www.pinarto.com\/wp-content\/uploads\/2020\/04\/SandraPavel_003.jpg\" class=\"gallery-link\">View Popup<\/a>\n                <\/div>\n            <\/div>\n        <\/div>\n\n        \n        <div class=\"gallery-item small_squared style_1 image-col-5 padding-0\">\n                            <img decoding=\"async\" src=\"https:\/\/www.pinarto.com\/wp-content\/uploads\/2020\/04\/SandraPavel_005.jpg\" alt=\"\">\n                        <div class=\"gallery-content-inner\">\n                <div class=\"gallery-content\">\n                                        \n                                        <a href=\"https:\/\/www.pinarto.com\/wp-content\/uploads\/2020\/04\/SandraPavel_005.jpg\" class=\"gallery-link\">View Popup<\/a>\n                <\/div>\n            <\/div>\n        <\/div>\n\n        \n        <div class=\"gallery-item small_squared style_1 image-col-5 padding-0\">\n                            <img decoding=\"async\" src=\"https:\/\/www.pinarto.com\/wp-content\/uploads\/2020\/04\/SandraPavel_259-2.jpg\" alt=\"\">\n                        <div class=\"gallery-content-inner\">\n                <div class=\"gallery-content\">\n                                        \n                                        <a href=\"https:\/\/www.pinarto.com\/wp-content\/uploads\/2020\/04\/SandraPavel_259-2.jpg\" class=\"gallery-link\">View Popup<\/a>\n                <\/div>\n            <\/div>\n        <\/div>\n\n        \n        <div class=\"gallery-item small_squared style_1 image-col-5 padding-0\">\n                            <img decoding=\"async\" src=\"https:\/\/www.pinarto.com\/wp-content\/uploads\/2020\/04\/SandraPavel_259-1.jpg\" alt=\"\">\n                        <div class=\"gallery-content-inner\">\n                <div class=\"gallery-content\">\n                                        \n                                        <a href=\"https:\/\/www.pinarto.com\/wp-content\/uploads\/2020\/04\/SandraPavel_259-1.jpg\" class=\"gallery-link\">View Popup<\/a>\n                <\/div>\n            <\/div>\n        <\/div>\n\n        \n        <div class=\"gallery-item small_squared style_1 image-col-5 padding-0\">\n                            <img decoding=\"async\" src=\"https:\/\/www.pinarto.com\/wp-content\/uploads\/2020\/04\/SandraPavel_259.jpg\" alt=\"\">\n                        <div class=\"gallery-content-inner\">\n                <div class=\"gallery-content\">\n                                        \n                                        <a href=\"https:\/\/www.pinarto.com\/wp-content\/uploads\/2020\/04\/SandraPavel_259.jpg\" class=\"gallery-link\">View Popup<\/a>\n                <\/div>\n            <\/div>\n        <\/div>\n\n            <\/div>\n<\/div>            <\/div>\n                    [vc_empty_space height=&#8221;140px&#8221;][\/vc_column][\/vc_row][vc_row full_width=&#8221;stretch_row_content_no_spaces&#8221; css=&#8221;.vc_custom_1582829198103{padding-top: 5% !important;background-color: #191919 !important;}&#8221;][vc_column][vc_custom_heading heading_style=&#8221;heading_style_6&#8243; text=&#8221;Title&#8221; font_container=&#8221;tag:h4|text_align:center|color:%23ffffff&#8221; use_theme_fonts=&#8221;yes&#8221;][vc_column_text el_class=&#8221;white-300-17&#8243;]<\/p>\n<p style=\"text-align: center;\">Text &#8230;<\/p>\n<p>[\/vc_column_text][vc_btn title=&#8221;TLA\u010c\u00cdTKO NEBO FORMUL\u00c1\u0158&#8221; style=&#8221;outline&#8221; shape=&#8221;square&#8221; color=&#8221;default&#8221; align=&#8221;center&#8221; link=&#8221;url:%23|||&#8221;][vc_empty_space height=&#8221;140px&#8221;][\/vc_column][\/vc_row]<\/p>\n<\/div>","protected":false},"excerpt":{"rendered":"<p>[vc_row full_width=&#8221;stretch_row&#8221; css=&#8221;.vc_custom_1582829189984{padding-top: 5% !important;background-color: #191919 !important;}&#8221;][vc_column][vc_row_inner css=&#8221;.vc_custom_1533605322115{padding-bottom: 5% !important;}&#8221;][vc_column_inner][vc_custom_heading heading_style=&#8221;heading_style_1&#8243; text=&#8221;KEEP THE MEMORIES&#8221; font_container=&#8221;tag:h3|text_align:center&#8221; use_theme_fonts=&#8221;yes&#8221;][vc_custom_heading heading_style=&#8221;heading_style_6&#8243; text=&#8221;&#8221; font_container=&#8221;tag:h3|text_align:center|color:%23ffffff&#8221; use_theme_fonts=&#8221;yes&#8221; pre_heading=&#8221;Wedding video&#8221; hightlight_heading=&#8221;for the generations to come&#8221;][\/vc_column_inner][\/vc_row_inner][vc_row_inner][vc_column_inner width=&#8221;1\/6&#8243;][\/vc_column_inner][vc_column_inner width=&#8221;2\/3&#8243;][vc_column_text el_class=&#8221;secondary-font&#8221;] Make your big day unforgettable (and, as Barney Stinson would say: &#8220;Legen &#8211; wait for it &#8211; dary!&#8221;). Photos and videos from your wedding day [&hellip;]<\/p>\n","protected":false},"author":1,"featured_media":0,"parent":0,"menu_order":8,"comment_status":"closed","ping_status":"closed","template":"","meta":{"footnotes":""},"class_list":["post-4307","page","type-page","status-publish","hentry","clearfix"],"_links":{"self":[{"href":"https:\/\/www.pinarto.com\/en\/wp-json\/wp\/v2\/pages\/4307","targetHints":{"allow":["GET"]}}],"collection":[{"href":"https:\/\/www.pinarto.com\/en\/wp-json\/wp\/v2\/pages"}],"about":[{"href":"https:\/\/www.pinarto.com\/en\/wp-json\/wp\/v2\/types\/page"}],"author":[{"embeddable":true,"href":"https:\/\/www.pinarto.com\/en\/wp-json\/wp\/v2\/users\/1"}],"replies":[{"embeddable":true,"href":"https:\/\/www.pinarto.com\/en\/wp-json\/wp\/v2\/comments?post=4307"}],"version-history":[{"count":0,"href":"https:\/\/www.pinarto.com\/en\/wp-json\/wp\/v2\/pages\/4307\/revisions"}],"wp:attachment":[{"href":"https:\/\/www.pinarto.com\/en\/wp-json\/wp\/v2\/media?parent=4307"}],"curies":[{"name":"wp","href":"https:\/\/api.w.org\/{rel}","templated":true}]}}