{"id":4348,"date":"2018-08-07T09:52:33","date_gmt":"2018-08-07T07:52:33","guid":{"rendered":"https:\/\/www.pinarto.com\/kontakt\/"},"modified":"2020-09-07T16:01:24","modified_gmt":"2020-09-07T14:01:24","slug":"kontakt-de","status":"publish","type":"page","link":"https:\/\/www.pinarto.com\/de\/kontakt-de\/","title":{"rendered":"KONTAKT"},"content":{"rendered":"<div class=\"wpb-content-wrapper\"><p>[vc_row css=&#8221;.vc_custom_1533713574279{padding-top: 6% !important;padding-bottom: 10% !important;}&#8221;][vc_column][vc_row_inner][vc_column_inner el_class=&#8221;contact-us-2&#8243; width=&#8221;1\/2&#8243;][vc_custom_heading heading_style=&#8221;heading_style_13&#8243; text=&#8221;Kontaktinformationen&#8221; font_container=&#8221;tag:h3|text_align:left&#8221; use_theme_fonts=&#8221;yes&#8221; el_class=&#8221;fw-700 fs-34&#8243; css=&#8221;.vc_custom_1596130159141{padding-bottom: 5% !important;}&#8221;][vc_empty_space]                        <div class=\"  \">\n                <div class=\"footer-contact-shortcode-wrap style_2 \">\n    <div class=\"footer-contact-content\">\n        <ul class=\"contact-information\">\n                                <li>\n                        <span class=\"contact-icon fas fa-map-marker-alt\"><\/span>\n                        <span class=\"contact-label\">Adresse<\/span>\n                        <span class=\"contact-description\">Z\u00e1brdovick\u00e1 2 (4. patro), Brno \u2013 \u017didenice<\/span>\n                    <\/li>\n                                <li>\n                        <span class=\"contact-icon fas fa-phone\"><\/span>\n                        <span class=\"contact-label\">Telefon<\/span>\n                        <span class=\"contact-description\">Pavol Bigo\u0161 <a href=\"tel:+420608348109\">+420 608 348 109<\/a><\/span>\n                    <\/li>\n                                <li>\n                        <span class=\"contact-icon fas fa-envelope\"><\/span>\n                        <span class=\"contact-label\">Email<\/span>\n                        <span class=\"contact-description\">info@pinarto.com<\/span>\n                    <\/li>\n                    <\/ul>\n    <\/div>\n<\/div>            <\/div>\n                    [vc_empty_space][vc_custom_heading heading_style=&#8221;heading_style_13&#8243; text=&#8221;Berechnung&#8221; font_container=&#8221;tag:h3|text_align:left&#8221; use_theme_fonts=&#8221;yes&#8221; el_class=&#8221;fw-700 fs-34&#8243; css=&#8221;.vc_custom_1595683958330{padding-bottom: 5% !important;}&#8221;][vc_empty_space]                        <div class=\"  \">\n                <div class=\"footer-contact-shortcode-wrap style_2 \">\n    <div class=\"footer-contact-content\">\n        <ul class=\"contact-information\">\n                                <li>\n                        <span class=\"contact-icon fas fa-signature\"><\/span>\n                        <span class=\"contact-label\">Pinarto s.r.o.<\/span>\n                        <span class=\"contact-description\">Mezi Cestami 931, 664 01 B\u00edlovice nad Svitavou<\/span>\n                    <\/li>\n                                <li>\n                        <span class=\"contact-icon fas fa-file-alt\"><\/span>\n                        <span class=\"contact-label\">I\u010c \/ DI\u010c<\/span>\n                        <span class=\"contact-description\">292 96 293 \/ CZ 292 96 293<br \/>\nSpisov\u00e1 zna\u010dka:<br \/>\nC 71939 veden\u00e1 u Krajsk\u00e9ho soudu v Brn\u011b<\/span>\n                    <\/li>\n                    <\/ul>\n    <\/div>\n<\/div>            <\/div>\n                    [\/vc_column_inner][vc_column_inner width=&#8221;1\/12&#8243;][\/vc_column_inner][vc_column_inner width=&#8221;5\/12&#8243;][vc_custom_heading heading_style=&#8221;heading_style_13&#8243; text=&#8221;Schreiben Sie uns&#8221; use_theme_fonts=&#8221;yes&#8221; el_class=&#8221;fw-700 fs-34&#8243; css=&#8221;.vc_custom_1595683969776{padding-bottom: 5% !important;}&#8221;][vc_empty_space]\n<div class=\"wpcf7 no-js\" id=\"wpcf7-f5491-o1\" lang=\"de-DE\" dir=\"ltr\" data-wpcf7-id=\"5491\">\n<div class=\"screen-reader-response\"><p role=\"status\" aria-live=\"polite\" aria-atomic=\"true\"><\/p> <ul><\/ul><\/div>\n<form action=\"\/de\/wp-json\/wp\/v2\/pages\/4348#wpcf7-f5491-o1\" method=\"post\" class=\"wpcf7-form init\" aria-label=\"Kontaktformular\" novalidate=\"novalidate\" data-status=\"init\">\n<fieldset class=\"hidden-fields-container\"><input type=\"hidden\" name=\"_wpcf7\" value=\"5491\" \/><input type=\"hidden\" name=\"_wpcf7_version\" value=\"6.1.4\" \/><input type=\"hidden\" name=\"_wpcf7_locale\" value=\"de_DE\" \/><input type=\"hidden\" name=\"_wpcf7_unit_tag\" value=\"wpcf7-f5491-o1\" \/><input type=\"hidden\" name=\"_wpcf7_container_post\" value=\"0\" \/><input type=\"hidden\" name=\"_wpcf7_posted_data_hash\" value=\"\" \/><input type=\"hidden\" name=\"_wpcf7_recaptcha_response\" value=\"\" \/>\n<\/fieldset>\n<div class=\"contact-form\">\n<div class=\"contact-name\">\n<div><span class=\"wpcf7-form-control-wrap\" data-name=\"your-name\"><input size=\"40\" maxlength=\"400\" class=\"wpcf7-form-control wpcf7-text wpcf7-validates-as-required\" aria-required=\"true\" aria-invalid=\"false\" placeholder=\"Dein Name *\" value=\"\" type=\"text\" name=\"your-name\" \/><\/span><\/div>\n<\/div>\n<div class=\"contact-email\">\n<div><span class=\"wpcf7-form-control-wrap\" data-name=\"your-email\"><input size=\"40\" maxlength=\"400\" class=\"wpcf7-form-control wpcf7-email wpcf7-validates-as-required wpcf7-text wpcf7-validates-as-email\" aria-required=\"true\" aria-invalid=\"false\" placeholder=\"Deine E-Mail-Adresse *\" value=\"\" type=\"email\" name=\"your-email\" \/><\/span><\/div>\n<\/div>\n<div class=\"contact-subject\">\n<div><span class=\"wpcf7-form-control-wrap\" data-name=\"your-subject\"><input size=\"40\" maxlength=\"400\" class=\"wpcf7-form-control wpcf7-text\" aria-invalid=\"false\" placeholder=\"Betreff\" value=\"\" type=\"text\" name=\"your-subject\" \/><\/span><\/div>\n<\/div>\n<div class=\"contact-message\">\n<div><span class=\"wpcf7-form-control-wrap\" data-name=\"your-message\"><textarea cols=\"40\" rows=\"5\" maxlength=\"2000\" class=\"wpcf7-form-control wpcf7-textarea\" aria-invalid=\"false\" placeholder=\"Deine Nachricht ...\" name=\"your-message\"><\/textarea><\/span><\/div>\n<\/div>\n<div class=\"contact-submit\">\n<input class=\"wpcf7-form-control wpcf7-submit has-spinner\" type=\"submit\" value=\"Senden\" \/>\n<\/div>\n<\/div><div class=\"wpcf7-response-output\" aria-hidden=\"true\"><\/div>\n<\/form>\n<\/div>\n[\/vc_column_inner][\/vc_row_inner][\/vc_column][\/vc_row][vc_row full_width=&#8221;stretch_row&#8221; css=&#8221;.vc_custom_1533714072840{padding-top: 1% !important;padding-bottom: 5% !important;background-color: #f8f8f8 !important;}&#8221;][vc_column][vc_row_inner][vc_column_inner][vc_custom_heading heading_style=&#8221;heading_style_6&#8243; text=&#8221;&#8221; font_container=&#8221;tag:h2|text_align:center&#8221; use_theme_fonts=&#8221;yes&#8221; hightlight_heading=&#8221;die Zusammenarbeit mit Ihnen&#8221; el_class=&#8221;fw-400&#8243; pre_heading=&#8221;Wir freuen uns auf&#8221;][\/vc_column_inner][\/vc_row_inner][\/vc_column][\/vc_row]<\/p>\n<\/div>","protected":false},"excerpt":{"rendered":"<p>[vc_row css=&#8221;.vc_custom_1533713574279{padding-top: 6% !important;padding-bottom: 10% !important;}&#8221;][vc_column][vc_row_inner][vc_column_inner el_class=&#8221;contact-us-2&#8243; width=&#8221;1\/2&#8243;][vc_custom_heading heading_style=&#8221;heading_style_13&#8243; text=&#8221;Kontaktinformationen&#8221; font_container=&#8221;tag:h3|text_align:left&#8221; use_theme_fonts=&#8221;yes&#8221; el_class=&#8221;fw-700 fs-34&#8243; css=&#8221;.vc_custom_1596130159141{padding-bottom: 5% !important;}&#8221;][vc_empty_space][vc_empty_space][vc_custom_heading heading_style=&#8221;heading_style_13&#8243; text=&#8221;Berechnung&#8221; font_container=&#8221;tag:h3|text_align:left&#8221; use_theme_fonts=&#8221;yes&#8221; el_class=&#8221;fw-700 fs-34&#8243; css=&#8221;.vc_custom_1595683958330{padding-bottom: 5% !important;}&#8221;][vc_empty_space][\/vc_column_inner][vc_column_inner width=&#8221;1\/12&#8243;][\/vc_column_inner][vc_column_inner width=&#8221;5\/12&#8243;][vc_custom_heading heading_style=&#8221;heading_style_13&#8243; text=&#8221;Schreiben Sie uns&#8221; use_theme_fonts=&#8221;yes&#8221; el_class=&#8221;fw-700 fs-34&#8243; css=&#8221;.vc_custom_1595683969776{padding-bottom: 5% !important;}&#8221;][vc_empty_space][\/vc_column_inner][\/vc_row_inner][\/vc_column][\/vc_row][vc_row full_width=&#8221;stretch_row&#8221; css=&#8221;.vc_custom_1533714072840{padding-top: 1% !important;padding-bottom: 5% !important;background-color: #f8f8f8 !important;}&#8221;][vc_column][vc_row_inner][vc_column_inner][vc_custom_heading heading_style=&#8221;heading_style_6&#8243; text=&#8221;&#8221; font_container=&#8221;tag:h2|text_align:center&#8221; use_theme_fonts=&#8221;yes&#8221; hightlight_heading=&#8221;die Zusammenarbeit mit Ihnen&#8221; el_class=&#8221;fw-400&#8243; [&hellip;]<\/p>\n","protected":false},"author":1,"featured_media":0,"parent":0,"menu_order":25,"comment_status":"closed","ping_status":"closed","template":"","meta":{"footnotes":""},"class_list":["post-4348","page","type-page","status-publish","hentry","clearfix"],"_links":{"self":[{"href":"https:\/\/www.pinarto.com\/de\/wp-json\/wp\/v2\/pages\/4348","targetHints":{"allow":["GET"]}}],"collection":[{"href":"https:\/\/www.pinarto.com\/de\/wp-json\/wp\/v2\/pages"}],"about":[{"href":"https:\/\/www.pinarto.com\/de\/wp-json\/wp\/v2\/types\/page"}],"author":[{"embeddable":true,"href":"https:\/\/www.pinarto.com\/de\/wp-json\/wp\/v2\/users\/1"}],"replies":[{"embeddable":true,"href":"https:\/\/www.pinarto.com\/de\/wp-json\/wp\/v2\/comments?post=4348"}],"version-history":[{"count":0,"href":"https:\/\/www.pinarto.com\/de\/wp-json\/wp\/v2\/pages\/4348\/revisions"}],"wp:attachment":[{"href":"https:\/\/www.pinarto.com\/de\/wp-json\/wp\/v2\/media?parent=4348"}],"curies":[{"name":"wp","href":"https:\/\/api.w.org\/{rel}","templated":true}]}}